{"id":98,"date":"2023-11-14T18:46:51","date_gmt":"2023-11-14T17:46:51","guid":{"rendered":"https:\/\/redenjambre.com\/?page_id=98"},"modified":"2023-11-14T20:48:51","modified_gmt":"2023-11-14T19:48:51","slug":"plaza-verde-pasto","status":"publish","type":"page","link":"https:\/\/redenjambre.com\/index.php\/plaza-verde-pasto\/","title":{"rendered":"Plaza Verde"},"content":{"rendered":"\n<figure class=\"wp-block-image aligncenter size-large is-resized\"><img fetchpriority=\"high\" decoding=\"async\" width=\"1024\" height=\"853\" src=\"https:\/\/redenjambre.com\/wp-content\/uploads\/2023\/11\/Plaza-verde-1024x853.jpeg\" alt=\"\" class=\"wp-image-99\" style=\"aspect-ratio:1.2004689331770222;width:406px;height:auto\" srcset=\"https:\/\/redenjambre.com\/wp-content\/uploads\/2023\/11\/Plaza-verde-1024x853.jpeg 1024w, https:\/\/redenjambre.com\/wp-content\/uploads\/2023\/11\/Plaza-verde-300x250.jpeg 300w, https:\/\/redenjambre.com\/wp-content\/uploads\/2023\/11\/Plaza-verde-768x640.jpeg 768w, https:\/\/redenjambre.com\/wp-content\/uploads\/2023\/11\/Plaza-verde-600x500.jpeg 600w, https:\/\/redenjambre.com\/wp-content\/uploads\/2023\/11\/Plaza-verde.jpeg 1147w\" sizes=\"(max-width: 1024px) 100vw, 1024px\" \/><\/figure>\n\n\n\n<p><strong>Plaza Verde (Pasto)<\/strong><\/p>\n\n\n\n<p>N\u00famero de participantes: 7 emprendimientos<\/p>\n\n\n\n<p><strong>Descripci\u00f3n del proceso de la organizaci\u00f3n:<\/strong><\/p>\n\n\n\n<p>Somos un colectivo autogestivo de 7 emprendimientos dedicados a la transformaci\u00f3n artesanal de alimentos saludables y medicinas naturales a partir de insumos agroecol\u00f3gicos locales, dinamizando las econom\u00edas solidarias.<\/p>\n\n\n\n<p><em>Enlaces:<\/em><\/p>\n\n\n\n<p>Facebook e Instagram: <strong>@plazaverde<\/strong><\/p>\n\n\n\n<figure class=\"wp-block-gallery aligncenter has-nested-images columns-default is-cropped wp-block-gallery-1 is-layout-flex wp-block-gallery-is-layout-flex\">\n<figure class=\"wp-block-image size-large\"><img decoding=\"async\" width=\"1024\" height=\"768\" data-id=\"179\" src=\"https:\/\/redenjambre.com\/wp-content\/uploads\/2023\/11\/WhatsApp-Image-2023-11-03-at-12.51.27-1024x768.jpeg\" alt=\"\" class=\"wp-image-179\" srcset=\"https:\/\/redenjambre.com\/wp-content\/uploads\/2023\/11\/WhatsApp-Image-2023-11-03-at-12.51.27-1024x768.jpeg 1024w, https:\/\/redenjambre.com\/wp-content\/uploads\/2023\/11\/WhatsApp-Image-2023-11-03-at-12.51.27-300x225.jpeg 300w, https:\/\/redenjambre.com\/wp-content\/uploads\/2023\/11\/WhatsApp-Image-2023-11-03-at-12.51.27-768x576.jpeg 768w, https:\/\/redenjambre.com\/wp-content\/uploads\/2023\/11\/WhatsApp-Image-2023-11-03-at-12.51.27-600x450.jpeg 600w, https:\/\/redenjambre.com\/wp-content\/uploads\/2023\/11\/WhatsApp-Image-2023-11-03-at-12.51.27-1200x900.jpeg 1200w, https:\/\/redenjambre.com\/wp-content\/uploads\/2023\/11\/WhatsApp-Image-2023-11-03-at-12.51.27.jpeg 1280w\" sizes=\"(max-width: 1024px) 100vw, 1024px\" \/><\/figure>\n\n\n\n<figure class=\"wp-block-image size-large\"><img decoding=\"async\" width=\"768\" height=\"1024\" data-id=\"175\" src=\"https:\/\/redenjambre.com\/wp-content\/uploads\/2023\/11\/WhatsApp-Image-2023-11-03-at-12.51.27-1-768x1024.jpeg\" alt=\"\" class=\"wp-image-175\" srcset=\"https:\/\/redenjambre.com\/wp-content\/uploads\/2023\/11\/WhatsApp-Image-2023-11-03-at-12.51.27-1-768x1024.jpeg 768w, https:\/\/redenjambre.com\/wp-content\/uploads\/2023\/11\/WhatsApp-Image-2023-11-03-at-12.51.27-1-225x300.jpeg 225w, https:\/\/redenjambre.com\/wp-content\/uploads\/2023\/11\/WhatsApp-Image-2023-11-03-at-12.51.27-1-600x800.jpeg 600w, https:\/\/redenjambre.com\/wp-content\/uploads\/2023\/11\/WhatsApp-Image-2023-11-03-at-12.51.27-1.jpeg 960w\" sizes=\"(max-width: 768px) 100vw, 768px\" \/><\/figure>\n\n\n\n<figure class=\"wp-block-image size-large\"><img loading=\"lazy\" decoding=\"async\" width=\"768\" height=\"1024\" data-id=\"177\" src=\"https:\/\/redenjambre.com\/wp-content\/uploads\/2023\/11\/WhatsApp-Image-2023-11-03-at-12.51.27-2-768x1024.jpeg\" alt=\"\" class=\"wp-image-177\" srcset=\"https:\/\/redenjambre.com\/wp-content\/uploads\/2023\/11\/WhatsApp-Image-2023-11-03-at-12.51.27-2-768x1024.jpeg 768w, https:\/\/redenjambre.com\/wp-content\/uploads\/2023\/11\/WhatsApp-Image-2023-11-03-at-12.51.27-2-225x300.jpeg 225w, https:\/\/redenjambre.com\/wp-content\/uploads\/2023\/11\/WhatsApp-Image-2023-11-03-at-12.51.27-2-600x800.jpeg 600w, https:\/\/redenjambre.com\/wp-content\/uploads\/2023\/11\/WhatsApp-Image-2023-11-03-at-12.51.27-2.jpeg 960w\" sizes=\"(max-width: 768px) 100vw, 768px\" \/><\/figure>\n\n\n\n<figure class=\"wp-block-image size-large\"><img loading=\"lazy\" decoding=\"async\" width=\"1024\" height=\"768\" data-id=\"178\" src=\"https:\/\/redenjambre.com\/wp-content\/uploads\/2023\/11\/WhatsApp-Image-2023-11-03-at-12.51.28-1024x768.jpeg\" alt=\"\" class=\"wp-image-178\" srcset=\"https:\/\/redenjambre.com\/wp-content\/uploads\/2023\/11\/WhatsApp-Image-2023-11-03-at-12.51.28-1024x768.jpeg 1024w, https:\/\/redenjambre.com\/wp-content\/uploads\/2023\/11\/WhatsApp-Image-2023-11-03-at-12.51.28-300x225.jpeg 300w, https:\/\/redenjambre.com\/wp-content\/uploads\/2023\/11\/WhatsApp-Image-2023-11-03-at-12.51.28-768x576.jpeg 768w, https:\/\/redenjambre.com\/wp-content\/uploads\/2023\/11\/WhatsApp-Image-2023-11-03-at-12.51.28-600x450.jpeg 600w, https:\/\/redenjambre.com\/wp-content\/uploads\/2023\/11\/WhatsApp-Image-2023-11-03-at-12.51.28-1200x900.jpeg 1200w, https:\/\/redenjambre.com\/wp-content\/uploads\/2023\/11\/WhatsApp-Image-2023-11-03-at-12.51.28.jpeg 1280w\" sizes=\"(max-width: 1024px) 100vw, 1024px\" \/><\/figure>\n\n\n\n<figure class=\"wp-block-image size-large\"><img loading=\"lazy\" decoding=\"async\" width=\"1024\" height=\"576\" data-id=\"176\" src=\"https:\/\/redenjambre.com\/wp-content\/uploads\/2023\/11\/WhatsApp-Image-2023-11-03-at-12.51.28-1-1024x576.jpeg\" alt=\"\" class=\"wp-image-176\" srcset=\"https:\/\/redenjambre.com\/wp-content\/uploads\/2023\/11\/WhatsApp-Image-2023-11-03-at-12.51.28-1-1024x576.jpeg 1024w, https:\/\/redenjambre.com\/wp-content\/uploads\/2023\/11\/WhatsApp-Image-2023-11-03-at-12.51.28-1-300x169.jpeg 300w, https:\/\/redenjambre.com\/wp-content\/uploads\/2023\/11\/WhatsApp-Image-2023-11-03-at-12.51.28-1-768x432.jpeg 768w, https:\/\/redenjambre.com\/wp-content\/uploads\/2023\/11\/WhatsApp-Image-2023-11-03-at-12.51.28-1-600x338.jpeg 600w, https:\/\/redenjambre.com\/wp-content\/uploads\/2023\/11\/WhatsApp-Image-2023-11-03-at-12.51.28-1-1200x675.jpeg 1200w, https:\/\/redenjambre.com\/wp-content\/uploads\/2023\/11\/WhatsApp-Image-2023-11-03-at-12.51.28-1.jpeg 1280w\" sizes=\"(max-width: 1024px) 100vw, 1024px\" \/><\/figure>\n<\/figure>\n","protected":false},"excerpt":{"rendered":"<p>Plaza Verde (Pasto) N\u00famero de participantes: 7 emprendimientos Descripci\u00f3n del proceso de la organizaci\u00f3n: Somos un colectivo autogestivo de 7 emprendimientos dedicados a la transformaci\u00f3n artesanal de alimentos saludables y medicinas naturales a partir de insumos agroecol\u00f3gicos locales, dinamizando las econom\u00edas solidarias. Enlaces: Facebook e Instagram: @plazaverde<\/p>\n","protected":false},"author":1,"featured_media":0,"parent":0,"menu_order":0,"comment_status":"closed","ping_status":"closed","template":"","meta":{"footnotes":""},"jetpack_sharing_enabled":true,"featured_media_urls":[],"_links":{"self":[{"href":"https:\/\/redenjambre.com\/index.php\/wp-json\/wp\/v2\/pages\/98"}],"collection":[{"href":"https:\/\/redenjambre.com\/index.php\/wp-json\/wp\/v2\/pages"}],"about":[{"href":"https:\/\/redenjambre.com\/index.php\/wp-json\/wp\/v2\/types\/page"}],"author":[{"embeddable":true,"href":"https:\/\/redenjambre.com\/index.php\/wp-json\/wp\/v2\/users\/1"}],"replies":[{"embeddable":true,"href":"https:\/\/redenjambre.com\/index.php\/wp-json\/wp\/v2\/comments?post=98"}],"version-history":[{"count":3,"href":"https:\/\/redenjambre.com\/index.php\/wp-json\/wp\/v2\/pages\/98\/revisions"}],"predecessor-version":[{"id":210,"href":"https:\/\/redenjambre.com\/index.php\/wp-json\/wp\/v2\/pages\/98\/revisions\/210"}],"wp:attachment":[{"href":"https:\/\/redenjambre.com\/index.php\/wp-json\/wp\/v2\/media?parent=98"}],"curies":[{"name":"wp","href":"https:\/\/api.w.org\/{rel}","templated":true}]}}