{"id":95,"date":"2023-11-14T18:44:57","date_gmt":"2023-11-14T17:44:57","guid":{"rendered":"https:\/\/redenjambre.com\/?page_id=95"},"modified":"2023-11-14T20:45:35","modified_gmt":"2023-11-14T19:45:35","slug":"asociacion-la-tulpa-familias-narinenses-en-la-agricultura-organica-pasto","status":"publish","type":"page","link":"https:\/\/redenjambre.com\/index.php\/asociacion-la-tulpa-familias-narinenses-en-la-agricultura-organica-pasto\/","title":{"rendered":"La Tulpa"},"content":{"rendered":"\n<figure class=\"wp-block-image aligncenter size-large is-resized\"><img fetchpriority=\"high\" decoding=\"async\" width=\"816\" height=\"1024\" src=\"https:\/\/redenjambre.com\/wp-content\/uploads\/2023\/11\/Tulpa-816x1024.png\" alt=\"\" class=\"wp-image-96\" style=\"aspect-ratio:0.796875;width:348px;height:auto\" srcset=\"https:\/\/redenjambre.com\/wp-content\/uploads\/2023\/11\/Tulpa-816x1024.png 816w, https:\/\/redenjambre.com\/wp-content\/uploads\/2023\/11\/Tulpa-239x300.png 239w, https:\/\/redenjambre.com\/wp-content\/uploads\/2023\/11\/Tulpa-768x964.png 768w, https:\/\/redenjambre.com\/wp-content\/uploads\/2023\/11\/Tulpa-600x753.png 600w, https:\/\/redenjambre.com\/wp-content\/uploads\/2023\/11\/Tulpa.png 857w\" sizes=\"(max-width: 816px) 100vw, 816px\" \/><\/figure>\n\n\n\n<p><strong>Asociaci\u00f3n La Tulpa<\/strong><br><strong>Familias nari\u00f1enses en la Agricultura Org\u00e1nica (Pasto)<\/strong><\/p>\n\n\n\n<p>N\u00famero de participantes: 35 familias &#8211; 5 Municipios<\/p>\n\n\n\n<p><strong>Descripci\u00f3n del proceso de la organizaci\u00f3n:<\/strong><\/p>\n\n\n\n<p>Somos una asociaci\u00f3n de familias nari\u00f1enses en la agricultura org\u00e1nica, desde el a\u00f1o 2016, apostamos por la agricultura org\u00e1nica desde&nbsp; nuestros conocimientos campesinos e ind\u00edgenas, como un estilo de vida diferente, cultivando productos org\u00e1nicos, limpios y saludables. Somos 35 familias campesinas e ind\u00edgenas del departamento de Nari\u00f1o, en las zonas de El Encano,La Laguna,Cabrera, Gualmat\u00e1n, Matituy, Tunja, San Lorenzo, Consac\u00e1 y Yacuanquer.&nbsp;<\/p>\n\n\n\n<p><\/p>\n\n\n\n<p><em>Enlaces:<\/em><\/p>\n\n\n\n<p>Sitio web: <a href=\"https:\/\/www.familiatulpa.com\/\">https:\/\/www.familiatulpa.com\/<\/a><\/p>\n\n\n\n<p>Facebook: <a href=\"https:\/\/www.facebook.com\/LaTulpaNarino\">https:\/\/www.facebook.com\/LaTulpaNarino<\/a><\/p>\n\n\n\n<p>instagram: <a href=\"https:\/\/www.instagram.com\/latulpanarino\/?hl=es\">https:\/\/www.instagram.com\/latulpanarino\/?hl=es<\/a><\/p>\n\n\n\n<figure class=\"wp-block-gallery aligncenter has-nested-images columns-default is-cropped wp-block-gallery-1 is-layout-flex wp-block-gallery-is-layout-flex\">\n<figure class=\"wp-block-image size-large\"><img decoding=\"async\" width=\"1024\" height=\"768\" data-id=\"167\" src=\"https:\/\/redenjambre.com\/wp-content\/uploads\/2023\/11\/273148498_1212505465823198_5226445073571142158_n-1024x768.jpg\" alt=\"\" class=\"wp-image-167\" srcset=\"https:\/\/redenjambre.com\/wp-content\/uploads\/2023\/11\/273148498_1212505465823198_5226445073571142158_n-1024x768.jpg 1024w, https:\/\/redenjambre.com\/wp-content\/uploads\/2023\/11\/273148498_1212505465823198_5226445073571142158_n-300x225.jpg 300w, https:\/\/redenjambre.com\/wp-content\/uploads\/2023\/11\/273148498_1212505465823198_5226445073571142158_n-768x576.jpg 768w, https:\/\/redenjambre.com\/wp-content\/uploads\/2023\/11\/273148498_1212505465823198_5226445073571142158_n-1536x1152.jpg 1536w, https:\/\/redenjambre.com\/wp-content\/uploads\/2023\/11\/273148498_1212505465823198_5226445073571142158_n-2000x1500.jpg 2000w, https:\/\/redenjambre.com\/wp-content\/uploads\/2023\/11\/273148498_1212505465823198_5226445073571142158_n-600x450.jpg 600w, https:\/\/redenjambre.com\/wp-content\/uploads\/2023\/11\/273148498_1212505465823198_5226445073571142158_n-1200x900.jpg 1200w, https:\/\/redenjambre.com\/wp-content\/uploads\/2023\/11\/273148498_1212505465823198_5226445073571142158_n.jpg 2048w\" sizes=\"(max-width: 1024px) 100vw, 1024px\" \/><\/figure>\n\n\n\n<figure class=\"wp-block-image size-large\"><img decoding=\"async\" width=\"1024\" height=\"443\" data-id=\"165\" src=\"https:\/\/redenjambre.com\/wp-content\/uploads\/2023\/11\/Familia-tulpa-1536x664-1-1024x443.jpg\" alt=\"\" class=\"wp-image-165\" srcset=\"https:\/\/redenjambre.com\/wp-content\/uploads\/2023\/11\/Familia-tulpa-1536x664-1-1024x443.jpg 1024w, https:\/\/redenjambre.com\/wp-content\/uploads\/2023\/11\/Familia-tulpa-1536x664-1-300x130.jpg 300w, https:\/\/redenjambre.com\/wp-content\/uploads\/2023\/11\/Familia-tulpa-1536x664-1-768x332.jpg 768w, https:\/\/redenjambre.com\/wp-content\/uploads\/2023\/11\/Familia-tulpa-1536x664-1-600x259.jpg 600w, https:\/\/redenjambre.com\/wp-content\/uploads\/2023\/11\/Familia-tulpa-1536x664-1-1200x519.jpg 1200w, https:\/\/redenjambre.com\/wp-content\/uploads\/2023\/11\/Familia-tulpa-1536x664-1.jpg 1536w\" sizes=\"(max-width: 1024px) 100vw, 1024px\" \/><\/figure>\n\n\n\n<figure class=\"wp-block-image size-large\"><img loading=\"lazy\" decoding=\"async\" width=\"720\" height=\"404\" data-id=\"163\" src=\"https:\/\/redenjambre.com\/wp-content\/uploads\/2023\/11\/grupotransformacion.jpg\" alt=\"\" class=\"wp-image-163\" srcset=\"https:\/\/redenjambre.com\/wp-content\/uploads\/2023\/11\/grupotransformacion.jpg 720w, https:\/\/redenjambre.com\/wp-content\/uploads\/2023\/11\/grupotransformacion-300x168.jpg 300w, https:\/\/redenjambre.com\/wp-content\/uploads\/2023\/11\/grupotransformacion-600x337.jpg 600w\" sizes=\"(max-width: 720px) 100vw, 720px\" \/><\/figure>\n\n\n\n<figure class=\"wp-block-image size-large\"><img loading=\"lazy\" decoding=\"async\" width=\"720\" height=\"480\" data-id=\"164\" src=\"https:\/\/redenjambre.com\/wp-content\/uploads\/2023\/11\/salsa-2-2.jpg\" alt=\"\" class=\"wp-image-164\" srcset=\"https:\/\/redenjambre.com\/wp-content\/uploads\/2023\/11\/salsa-2-2.jpg 720w, https:\/\/redenjambre.com\/wp-content\/uploads\/2023\/11\/salsa-2-2-300x200.jpg 300w, https:\/\/redenjambre.com\/wp-content\/uploads\/2023\/11\/salsa-2-2-600x400.jpg 600w\" sizes=\"(max-width: 720px) 100vw, 720px\" \/><\/figure>\n\n\n\n<figure class=\"wp-block-image size-large\"><img loading=\"lazy\" decoding=\"async\" width=\"576\" height=\"1024\" data-id=\"166\" src=\"https:\/\/redenjambre.com\/wp-content\/uploads\/2023\/11\/WhatsApp-Image-2023-11-03-at-9.06.21-AM-576x1024.jpeg\" alt=\"\" class=\"wp-image-166\" srcset=\"https:\/\/redenjambre.com\/wp-content\/uploads\/2023\/11\/WhatsApp-Image-2023-11-03-at-9.06.21-AM-576x1024.jpeg 576w, https:\/\/redenjambre.com\/wp-content\/uploads\/2023\/11\/WhatsApp-Image-2023-11-03-at-9.06.21-AM-169x300.jpeg 169w, https:\/\/redenjambre.com\/wp-content\/uploads\/2023\/11\/WhatsApp-Image-2023-11-03-at-9.06.21-AM-768x1365.jpeg 768w, https:\/\/redenjambre.com\/wp-content\/uploads\/2023\/11\/WhatsApp-Image-2023-11-03-at-9.06.21-AM-864x1536.jpeg 864w, https:\/\/redenjambre.com\/wp-content\/uploads\/2023\/11\/WhatsApp-Image-2023-11-03-at-9.06.21-AM-600x1067.jpeg 600w, https:\/\/redenjambre.com\/wp-content\/uploads\/2023\/11\/WhatsApp-Image-2023-11-03-at-9.06.21-AM.jpeg 900w\" sizes=\"(max-width: 576px) 100vw, 576px\" \/><\/figure>\n<\/figure>\n","protected":false},"excerpt":{"rendered":"<p>Asociaci\u00f3n La TulpaFamilias nari\u00f1enses en la Agricultura Org\u00e1nica (Pasto) N\u00famero de participantes: 35 familias &#8211; 5 Municipios Descripci\u00f3n del proceso de la organizaci\u00f3n: Somos una asociaci\u00f3n de familias nari\u00f1enses en la agricultura org\u00e1nica, desde el a\u00f1o 2016, apostamos por la agricultura org\u00e1nica desde&nbsp; nuestros conocimientos campesinos e ind\u00edgenas, como un estilo de vida diferente, cultivando &hellip; <\/p>\n<p class=\"link-more\"><a href=\"https:\/\/redenjambre.com\/index.php\/asociacion-la-tulpa-familias-narinenses-en-la-agricultura-organica-pasto\/\" class=\"more-link\">Leer m\u00e1s<span class=\"screen-reader-text\"> \u00abLa Tulpa\u00bb<\/span><\/a><\/p>\n","protected":false},"author":1,"featured_media":0,"parent":0,"menu_order":0,"comment_status":"closed","ping_status":"closed","template":"","meta":{"footnotes":""},"jetpack_sharing_enabled":true,"featured_media_urls":[],"_links":{"self":[{"href":"https:\/\/redenjambre.com\/index.php\/wp-json\/wp\/v2\/pages\/95"}],"collection":[{"href":"https:\/\/redenjambre.com\/index.php\/wp-json\/wp\/v2\/pages"}],"about":[{"href":"https:\/\/redenjambre.com\/index.php\/wp-json\/wp\/v2\/types\/page"}],"author":[{"embeddable":true,"href":"https:\/\/redenjambre.com\/index.php\/wp-json\/wp\/v2\/users\/1"}],"replies":[{"embeddable":true,"href":"https:\/\/redenjambre.com\/index.php\/wp-json\/wp\/v2\/comments?post=95"}],"version-history":[{"count":3,"href":"https:\/\/redenjambre.com\/index.php\/wp-json\/wp\/v2\/pages\/95\/revisions"}],"predecessor-version":[{"id":206,"href":"https:\/\/redenjambre.com\/index.php\/wp-json\/wp\/v2\/pages\/95\/revisions\/206"}],"wp:attachment":[{"href":"https:\/\/redenjambre.com\/index.php\/wp-json\/wp\/v2\/media?parent=95"}],"curies":[{"name":"wp","href":"https:\/\/api.w.org\/{rel}","templated":true}]}}