{"id":9,"date":"2023-08-18T20:01:17","date_gmt":"2023-08-18T18:01:17","guid":{"rendered":"https:\/\/redenjambre.com\/?page_id=9"},"modified":"2025-03-12T21:38:43","modified_gmt":"2025-03-12T20:38:43","slug":"acerca-de","status":"publish","type":"page","link":"https:\/\/redenjambre.com\/index.php\/acerca-de\/","title":{"rendered":"CES Enjambre"},"content":{"rendered":"\n<h2 class=\"wp-block-heading\">Circuito Econ\u00f3mico Solidario &#8211; CES Enjambre<\/h2>\n\n\n\n<p>\u00abEnjambre \u2013 Comunidad de agroecolog\u00eda y econom\u00eda solidaria\u00bb es una plataforma colaborativa que articula organizaciones de econom\u00eda popular y solidaria, la academia y ONGs, para el desarrollo de iniciativas de formaci\u00f3n, investigaci\u00f3n, gesti\u00f3n e incidencia en el sur occidente colombiano, hoy somos 20 organizaciones, m\u00e1s de 200 familias, en 6 municipios del departamento de Nari\u00f1o y Putumayo, con procesos de transici\u00f3n agroecol\u00f3gica, que nos unimos en una juntanza por la vida, nuestro CESEnjambre y la Ecoferia Regional es el espacio de encuentro en el que todas las personas son bienvenidas.<\/p>\n\n\n\n<p><strong>Caracter\u00edsticas del CES ENJAMBRE:<\/strong><\/p>\n\n\n\n<ul>\n<li>Fomenta la construcci\u00f3n de redes colaborativas entre actores de la agroecolog\u00eda y la econom\u00eda solidaria.<\/li>\n\n\n\n<li>Construye formas de relacionarse y articularse desde la Intercooperaci\u00f3n entre iniciativas de la econom\u00eda solidaria.<\/li>\n\n\n\n<li>Busca fortalecer los circuitos agroalimentarios locales.<\/li>\n\n\n\n<li>Promueve el fortalecimiento de la dimensi\u00f3n pol\u00edtica del consumo.<\/li>\n\n\n\n<li>Fomenta el interaprendizaje entre los emprendimientos comunitarios.<\/li>\n\n\n\n<li>Construye no solo flujos econ\u00f3micos, si no flujos de sentido y significaci\u00f3n.<\/li>\n\n\n\n<li>Busca aumentar el consumo solidario entre las organizaciones (compras cruzadas).<\/li>\n\n\n\n<li>Fomenta la puesta en marcha de ferias y mercados solidarios como espacios de articulaci\u00f3n de los actores de la econom\u00eda solidaria.<\/li>\n\n\n\n<li>Fomenta el desarrollo de grupos y redes de consumidores solidarios.<\/li>\n<\/ul>\n\n\n\n<p class=\"has-text-align-center\"><strong>Promovemos 3 actividades fundamentales:<\/strong><\/p>\n\n\n\n<figure class=\"wp-block-image aligncenter size-large\"><img fetchpriority=\"high\" decoding=\"async\" width=\"1024\" height=\"414\" src=\"https:\/\/redenjambre.com\/wp-content\/uploads\/2023\/10\/Captura-desde-2023-10-09-14-35-52-1024x414.png\" alt=\"\" class=\"wp-image-70\" srcset=\"https:\/\/redenjambre.com\/wp-content\/uploads\/2023\/10\/Captura-desde-2023-10-09-14-35-52-1024x414.png 1024w, https:\/\/redenjambre.com\/wp-content\/uploads\/2023\/10\/Captura-desde-2023-10-09-14-35-52-300x121.png 300w, https:\/\/redenjambre.com\/wp-content\/uploads\/2023\/10\/Captura-desde-2023-10-09-14-35-52-768x310.png 768w, https:\/\/redenjambre.com\/wp-content\/uploads\/2023\/10\/Captura-desde-2023-10-09-14-35-52-600x242.png 600w, https:\/\/redenjambre.com\/wp-content\/uploads\/2023\/10\/Captura-desde-2023-10-09-14-35-52-1200x485.png 1200w, https:\/\/redenjambre.com\/wp-content\/uploads\/2023\/10\/Captura-desde-2023-10-09-14-35-52.png 1366w\" sizes=\"(max-width: 1024px) 100vw, 1024px\" \/><\/figure>\n\n\n\n<div style=\"height:100px\" aria-hidden=\"true\" class=\"wp-block-spacer\"><\/div>\n","protected":false},"excerpt":{"rendered":"<p>Circuito Econ\u00f3mico Solidario &#8211; CES Enjambre \u00abEnjambre \u2013 Comunidad de agroecolog\u00eda y econom\u00eda solidaria\u00bb es una plataforma colaborativa que articula organizaciones de econom\u00eda popular y solidaria, la academia y ONGs, para el desarrollo de iniciativas de formaci\u00f3n, investigaci\u00f3n, gesti\u00f3n e incidencia en el sur occidente colombiano, hoy somos 20 organizaciones, m\u00e1s de 200 familias, en &hellip; <\/p>\n<p class=\"link-more\"><a href=\"https:\/\/redenjambre.com\/index.php\/acerca-de\/\" class=\"more-link\">Leer m\u00e1s<span class=\"screen-reader-text\"> \u00abCES Enjambre\u00bb<\/span><\/a><\/p>\n","protected":false},"author":1,"featured_media":7,"parent":0,"menu_order":0,"comment_status":"closed","ping_status":"closed","template":"","meta":{"footnotes":""},"jetpack_sharing_enabled":true,"featured_media_urls":{"thumbnail":["https:\/\/redenjambre.com\/wp-content\/uploads\/2023\/08\/StockSnap_M6D1GS9PSL-150x150.jpg",150,150,true],"medium":["https:\/\/redenjambre.com\/wp-content\/uploads\/2023\/08\/StockSnap_M6D1GS9PSL-300x198.jpg",300,198,true],"medium_large":["https:\/\/redenjambre.com\/wp-content\/uploads\/2023\/08\/StockSnap_M6D1GS9PSL-768x506.jpg",768,506,true],"large":["https:\/\/redenjambre.com\/wp-content\/uploads\/2023\/08\/StockSnap_M6D1GS9PSL-1024x674.jpg",950,625,true],"1536x1536":["https:\/\/redenjambre.com\/wp-content\/uploads\/2023\/08\/StockSnap_M6D1GS9PSL-1536x1011.jpg",1536,1011,true],"2048x2048":["https:\/\/redenjambre.com\/wp-content\/uploads\/2023\/08\/StockSnap_M6D1GS9PSL.jpg",2000,1317,false],"inspiro-featured-image":["https:\/\/redenjambre.com\/wp-content\/uploads\/2023\/08\/StockSnap_M6D1GS9PSL.jpg",2000,1317,false],"inspiro-loop":["https:\/\/redenjambre.com\/wp-content\/uploads\/2023\/08\/StockSnap_M6D1GS9PSL-950x320.jpg",950,320,true],"inspiro-loop@2x":["https:\/\/redenjambre.com\/wp-content\/uploads\/2023\/08\/StockSnap_M6D1GS9PSL-1900x640.jpg",1900,640,true],"portfolio_item-thumbnail":["https:\/\/redenjambre.com\/wp-content\/uploads\/2023\/08\/StockSnap_M6D1GS9PSL-600x400.jpg",600,400,true],"portfolio_item-thumbnail@2x":["https:\/\/redenjambre.com\/wp-content\/uploads\/2023\/08\/StockSnap_M6D1GS9PSL-1200x800.jpg",1200,800,true],"portfolio_item-masonry":["https:\/\/redenjambre.com\/wp-content\/uploads\/2023\/08\/StockSnap_M6D1GS9PSL-600x395.jpg",600,395,true],"portfolio_item-masonry@2x":["https:\/\/redenjambre.com\/wp-content\/uploads\/2023\/08\/StockSnap_M6D1GS9PSL-1200x790.jpg",1200,790,true],"portfolio_item-thumbnail_cinema":["https:\/\/redenjambre.com\/wp-content\/uploads\/2023\/08\/StockSnap_M6D1GS9PSL-800x335.jpg",800,335,true],"portfolio_item-thumbnail_portrait":["https:\/\/redenjambre.com\/wp-content\/uploads\/2023\/08\/StockSnap_M6D1GS9PSL-600x900.jpg",600,900,true],"portfolio_item-thumbnail_portrait@2x":["https:\/\/redenjambre.com\/wp-content\/uploads\/2023\/08\/StockSnap_M6D1GS9PSL-1200x1317.jpg",1200,1317,true],"portfolio_item-thumbnail_square":["https:\/\/redenjambre.com\/wp-content\/uploads\/2023\/08\/StockSnap_M6D1GS9PSL-800x800.jpg",800,800,true]},"_links":{"self":[{"href":"https:\/\/redenjambre.com\/index.php\/wp-json\/wp\/v2\/pages\/9"}],"collection":[{"href":"https:\/\/redenjambre.com\/index.php\/wp-json\/wp\/v2\/pages"}],"about":[{"href":"https:\/\/redenjambre.com\/index.php\/wp-json\/wp\/v2\/types\/page"}],"author":[{"embeddable":true,"href":"https:\/\/redenjambre.com\/index.php\/wp-json\/wp\/v2\/users\/1"}],"replies":[{"embeddable":true,"href":"https:\/\/redenjambre.com\/index.php\/wp-json\/wp\/v2\/comments?post=9"}],"version-history":[{"count":15,"href":"https:\/\/redenjambre.com\/index.php\/wp-json\/wp\/v2\/pages\/9\/revisions"}],"predecessor-version":[{"id":810,"href":"https:\/\/redenjambre.com\/index.php\/wp-json\/wp\/v2\/pages\/9\/revisions\/810"}],"wp:featuredmedia":[{"embeddable":true,"href":"https:\/\/redenjambre.com\/index.php\/wp-json\/wp\/v2\/media\/7"}],"wp:attachment":[{"href":"https:\/\/redenjambre.com\/index.php\/wp-json\/wp\/v2\/media?parent=9"}],"curies":[{"name":"wp","href":"https:\/\/api.w.org\/{rel}","templated":true}]}}