{"id":797,"date":"2025-03-12T20:59:11","date_gmt":"2025-03-12T19:59:11","guid":{"rendered":"https:\/\/redenjambre.com\/?page_id=797"},"modified":"2025-03-12T21:00:13","modified_gmt":"2025-03-12T20:00:13","slug":"conoce-mas","status":"publish","type":"page","link":"https:\/\/redenjambre.com\/index.php\/conoce-mas\/","title":{"rendered":"Conoce m\u00e1s"},"content":{"rendered":"\n<p class=\"has-text-align-center\"><strong>Econom\u00eda para la Vida: Un Modelo Sostenible de Desarrollo Territorial en Colombia<\/strong><\/p>\n\n\n\n<p><strong>Construyendo un Futuro Sostenible<\/strong><br>El objetivo principal de \u201cEconom\u00eda para la Vida\u201d es contribuir a la paz, la equidad de g\u00e9nero, la soberan\u00eda alimentaria y la reducci\u00f3n de la pobreza rural. Para lograrlo, la estrategia se estructura en tres niveles de intervenci\u00f3n: territorial, organizativo y familiar.<\/p>\n\n\n\n<ul>\n<li><strong>A nivel territorial<\/strong>, se fomenta la planificaci\u00f3n comunitaria a trav\u00e9s de planes de vida que promuevan el desarrollo sostenible, la preservaci\u00f3n del patrimonio cultural y la consolidaci\u00f3n de redes econ\u00f3micas locales basadas en la agroecolog\u00eda y el consumo responsable.<\/li>\n\n\n\n<li><strong>En el \u00e1mbito organizativo<\/strong>, se fortalecen capacidades colectivas mediante estrategias que fomentan el liderazgo de las mujeres, la equidad de g\u00e9nero y la consolidaci\u00f3n de emprendimientos solidarios.<\/li>\n\n\n\n<li><strong>Desde la perspectiva familiar<\/strong>, se impulsa la seguridad alimentaria a trav\u00e9s de Fincas Escuela y sistemas productivos agroecol\u00f3gicos que refuercen la relaci\u00f3n entre la comunidad y su entorno natural.<\/li>\n<\/ul>\n\n\n\n<p><strong>Estrategias Claves para la Transformaci\u00f3n<\/strong><br>El proyecto se articula en torno a tres ejes de acci\u00f3n fundamentales:<\/p>\n\n\n\n<ol>\n<li><strong>Producci\u00f3n para la Vida:<\/strong>&nbsp;Se apoya la transici\u00f3n agroecol\u00f3gica y la planificaci\u00f3n predial para garantizar la sostenibilidad de los sistemas productivos familiares.<br>A trav\u00e9s de metodolog\u00edas participativas y asesor\u00eda t\u00e9cnica, se promueve la biodiversidad y el uso de semillas nativas.<\/li>\n\n\n\n<li><strong>Redes y Circuitos Econ\u00f3micos Locales:<\/strong>&nbsp;Se integran iniciativas productivas con el consumo responsable, fomentando la comercializaci\u00f3n en circuitos cortos y el financiamiento solidario. Este modelo fortalece la econom\u00eda social y genera alternativas de desarrollo sustentable.<\/li>\n\n\n\n<li><strong>Di\u00e1logo Social y Planificaci\u00f3n Comunitaria:<\/strong>&nbsp;Se fortalecen las capacidades organizativas para la incidencia en pol\u00edticas p\u00fablicas, la equidad de g\u00e9nero y la planificaci\u00f3n estrat\u00e9gica territorial. Adem\u00e1s, se impulsa la comunicaci\u00f3n comunitaria a trav\u00e9s de colectivos juveniles que fomenten el tejido social.<\/li>\n<\/ol>\n\n\n\n<p><strong>Un Modelo de Desarrollo Replicable<\/strong><br>El proyecto \u201cEconom\u00eda para la Vida\u201d representa un modelo innovador de transformaci\u00f3n social y econ\u00f3mica en territorios rurales. Su enfoque integral, basado en la cooperaci\u00f3n, la equidad y la sostenibilidad, lo convierte en una referencia para otras comunidades en Colombia y el mundo. A trav\u00e9s de esta iniciativa, la Fundaci\u00f3n Suyusama reafirma su compromiso con la construcci\u00f3n de sociedades m\u00e1s justas e inclusivas.<\/p>\n\n\n\n<p>Este espacio es creado con el fin de impulsar y fortalecer los procesos de agroecolog\u00eda, econom\u00eda popular, campesina y solidaria en los municipios de Chachag\u00fc\u00ed, La Uni\u00f3n, San Lorenzo y Taminango aqu\u00ed podr\u00e1s encontrar alimentos producidos por manos campesinas, productos agroecol\u00f3gicos, frutas, verduras, hortalizas, tub\u00e9rculos, transformados y gastronom\u00eda tradicional y saludable, apostando por un consumo responsable y de cercan\u00eda.<br>Este proceso permite acercar a productores y consumidores en una relaci\u00f3n directa de intercambio de productos, contribuyendo al desarrollo territorial equitativo, de forma sostenible, ecol\u00f3gica y solidaria.<br>Las organizaciones productoras de los municipios de Chachag\u00fc\u00ed, La Uni\u00f3n, San Lorenzo y Taminango cuentan con un proceso colaborativo para el impulso y desarrollo de espacios para el encuentro, el consumo responsable y el comercio justo, basados en los principios de la agroecolog\u00eda, el desarrollo local sostenible y la econom\u00eda social y solidaria.<\/p>\n\n\n\n<p><strong>Este proceso es financiado por el Gobierno de Navarra y ejecutado por la Fundaci\u00f3n Suyusama y Alboan.<\/strong><\/p>\n","protected":false},"excerpt":{"rendered":"<p>Econom\u00eda para la Vida: Un Modelo Sostenible de Desarrollo Territorial en Colombia Construyendo un Futuro SostenibleEl objetivo principal de \u201cEconom\u00eda para la Vida\u201d es contribuir a la paz, la equidad de g\u00e9nero, la soberan\u00eda alimentaria y la reducci\u00f3n de la pobreza rural. Para lograrlo, la estrategia se estructura en tres niveles de intervenci\u00f3n: territorial, organizativo &hellip; <\/p>\n<p class=\"link-more\"><a href=\"https:\/\/redenjambre.com\/index.php\/conoce-mas\/\" class=\"more-link\">Leer m\u00e1s<span class=\"screen-reader-text\"> \u00abConoce m\u00e1s\u00bb<\/span><\/a><\/p>\n","protected":false},"author":1,"featured_media":0,"parent":0,"menu_order":0,"comment_status":"closed","ping_status":"closed","template":"","meta":{"footnotes":""},"jetpack_sharing_enabled":true,"featured_media_urls":[],"_links":{"self":[{"href":"https:\/\/redenjambre.com\/index.php\/wp-json\/wp\/v2\/pages\/797"}],"collection":[{"href":"https:\/\/redenjambre.com\/index.php\/wp-json\/wp\/v2\/pages"}],"about":[{"href":"https:\/\/redenjambre.com\/index.php\/wp-json\/wp\/v2\/types\/page"}],"author":[{"embeddable":true,"href":"https:\/\/redenjambre.com\/index.php\/wp-json\/wp\/v2\/users\/1"}],"replies":[{"embeddable":true,"href":"https:\/\/redenjambre.com\/index.php\/wp-json\/wp\/v2\/comments?post=797"}],"version-history":[{"count":2,"href":"https:\/\/redenjambre.com\/index.php\/wp-json\/wp\/v2\/pages\/797\/revisions"}],"predecessor-version":[{"id":800,"href":"https:\/\/redenjambre.com\/index.php\/wp-json\/wp\/v2\/pages\/797\/revisions\/800"}],"wp:attachment":[{"href":"https:\/\/redenjambre.com\/index.php\/wp-json\/wp\/v2\/media?parent=797"}],"curies":[{"name":"wp","href":"https:\/\/api.w.org\/{rel}","templated":true}]}}