{"id":630,"date":"2024-07-02T16:15:09","date_gmt":"2024-07-02T14:15:09","guid":{"rendered":"https:\/\/redenjambre.com\/?page_id=630"},"modified":"2024-07-02T16:16:27","modified_gmt":"2024-07-02T14:16:27","slug":"casa-amalur","status":"publish","type":"page","link":"https:\/\/redenjambre.com\/index.php\/casa-amalur\/","title":{"rendered":"Casa Amalur"},"content":{"rendered":"\n<figure class=\"wp-block-image aligncenter size-large is-resized\"><img fetchpriority=\"high\" decoding=\"async\" width=\"1024\" height=\"791\" src=\"https:\/\/redenjambre.com\/wp-content\/uploads\/2024\/07\/Logo-Grande-1-1024x791.jpg\" alt=\"\" class=\"wp-image-632\" style=\"width:582px;height:auto\" srcset=\"https:\/\/redenjambre.com\/wp-content\/uploads\/2024\/07\/Logo-Grande-1-1024x791.jpg 1024w, https:\/\/redenjambre.com\/wp-content\/uploads\/2024\/07\/Logo-Grande-1-300x232.jpg 300w, https:\/\/redenjambre.com\/wp-content\/uploads\/2024\/07\/Logo-Grande-1.jpg 1650w\" sizes=\"(max-width: 1024px) 100vw, 1024px\" \/><\/figure>\n\n\n\n<p><strong>Casa Amalur<\/strong><\/p>\n\n\n\n<p>N\u00famero de participantes: 12 familias<\/p>\n\n\n\n<p><strong>Descripci\u00f3n del proceso de la organizaci\u00f3n:<\/strong><\/p>\n\n\n\n<p>\u201c<em>Cuida tu ser, cuida la tierra\u201d;<\/em> Es un proyecto familiar de ecolog\u00eda consiente, agro ecolog\u00eda y bio construcci\u00f3n, inspirados en los principios de la permacultura. A trav\u00e9s de su eco emprendimiento <strong><em><u>\u201cMenjurjes \u00e9ticos para el cuidado de s\u00ed\u201d,<\/u><\/em><\/strong> productos 100% ecol\u00f3gicos, artesanales y medicinales para la cosmos\u2013\u00e9tica \u00a0natural y la salud, propone cuidar de forma integral al ser y a la tierra desde las vivencias cotidianas de auto cuidado. Es adem\u00e1s un lugar de encuentro para la realizaci\u00f3n de terapias alternativas, intercambio de saberes para el despertar de una nueva conciencia, a trav\u00e9s de la creaci\u00f3n art\u00edstica \u2013 artesanal.\u00a0 Casa Amalur se encuentra ubicada en el Valle de Sibundoy Putumayo.<\/p>\n\n\n\n<p><strong>L\u00edneas de trabajo de Casa Amalur:<\/strong><\/p>\n\n\n\n<figure class=\"wp-block-image aligncenter size-full is-resized\"><img decoding=\"async\" width=\"899\" height=\"634\" src=\"https:\/\/redenjambre.com\/wp-content\/uploads\/2024\/07\/image.png\" alt=\"\" class=\"wp-image-633\" style=\"width:641px;height:auto\" srcset=\"https:\/\/redenjambre.com\/wp-content\/uploads\/2024\/07\/image.png 899w, https:\/\/redenjambre.com\/wp-content\/uploads\/2024\/07\/image-300x212.png 300w\" sizes=\"(max-width: 899px) 100vw, 899px\" \/><\/figure>\n\n\n\n<p><strong>Contacto<\/strong><\/p>\n\n\n\n<p><strong>Facebook<\/strong> <strong>e<\/strong> <strong>Instagram<\/strong> : @Casamalur<\/p>\n\n\n\n<p><strong>WhatsApp<\/strong>: 3136717294<\/p>\n\n\n\n<figure class=\"wp-block-image aligncenter size-large\"><img decoding=\"async\" width=\"1024\" height=\"771\" src=\"https:\/\/redenjambre.com\/wp-content\/uploads\/2024\/07\/encuentro-mujeres-2-1024x771.jpg\" alt=\"\" class=\"wp-image-644\" srcset=\"https:\/\/redenjambre.com\/wp-content\/uploads\/2024\/07\/encuentro-mujeres-2-1024x771.jpg 1024w, https:\/\/redenjambre.com\/wp-content\/uploads\/2024\/07\/encuentro-mujeres-2-300x226.jpg 300w, https:\/\/redenjambre.com\/wp-content\/uploads\/2024\/07\/encuentro-mujeres-2.jpg 1600w\" sizes=\"(max-width: 1024px) 100vw, 1024px\" \/><\/figure>\n\n\n\n<figure class=\"wp-block-gallery has-nested-images columns-default is-cropped wp-block-gallery-1 is-layout-flex wp-block-gallery-is-layout-flex\">\n<figure class=\"wp-block-image size-large\"><img loading=\"lazy\" decoding=\"async\" width=\"1024\" height=\"721\" data-id=\"642\" src=\"https:\/\/redenjambre.com\/wp-content\/uploads\/2024\/07\/imagen-jabones-1-1024x721.jpg\" alt=\"\" class=\"wp-image-642\" srcset=\"https:\/\/redenjambre.com\/wp-content\/uploads\/2024\/07\/imagen-jabones-1-1024x721.jpg 1024w, https:\/\/redenjambre.com\/wp-content\/uploads\/2024\/07\/imagen-jabones-1-300x211.jpg 300w, https:\/\/redenjambre.com\/wp-content\/uploads\/2024\/07\/imagen-jabones-1.jpg 1477w\" sizes=\"(max-width: 1024px) 100vw, 1024px\" \/><\/figure>\n\n\n\n<figure class=\"wp-block-image size-large\"><img loading=\"lazy\" decoding=\"async\" width=\"1024\" height=\"724\" data-id=\"645\" src=\"https:\/\/redenjambre.com\/wp-content\/uploads\/2024\/07\/kit-luna-1-1024x724.jpg\" alt=\"\" class=\"wp-image-645\" srcset=\"https:\/\/redenjambre.com\/wp-content\/uploads\/2024\/07\/kit-luna-1-1024x724.jpg 1024w, https:\/\/redenjambre.com\/wp-content\/uploads\/2024\/07\/kit-luna-1-300x212.jpg 300w, https:\/\/redenjambre.com\/wp-content\/uploads\/2024\/07\/kit-luna-1-2000x1415.jpg 2000w\" sizes=\"(max-width: 1024px) 100vw, 1024px\" \/><\/figure>\n\n\n\n<figure class=\"wp-block-image size-large\"><img loading=\"lazy\" decoding=\"async\" width=\"1024\" height=\"768\" data-id=\"643\" src=\"https:\/\/redenjambre.com\/wp-content\/uploads\/2024\/07\/Foto-casa-2-2-1024x768.jpg\" alt=\"\" class=\"wp-image-643\" srcset=\"https:\/\/redenjambre.com\/wp-content\/uploads\/2024\/07\/Foto-casa-2-2-1024x768.jpg 1024w, https:\/\/redenjambre.com\/wp-content\/uploads\/2024\/07\/Foto-casa-2-2-300x225.jpg 300w, https:\/\/redenjambre.com\/wp-content\/uploads\/2024\/07\/Foto-casa-2-2.jpg 1600w\" sizes=\"(max-width: 1024px) 100vw, 1024px\" \/><\/figure>\n<\/figure>\n","protected":false},"excerpt":{"rendered":"<p>Casa Amalur N\u00famero de participantes: 12 familias Descripci\u00f3n del proceso de la organizaci\u00f3n: \u201cCuida tu ser, cuida la tierra\u201d; Es un proyecto familiar de ecolog\u00eda consiente, agro ecolog\u00eda y bio construcci\u00f3n, inspirados en los principios de la permacultura. A trav\u00e9s de su eco emprendimiento \u201cMenjurjes \u00e9ticos para el cuidado de s\u00ed\u201d, productos 100% ecol\u00f3gicos, artesanales &hellip; <\/p>\n<p class=\"link-more\"><a href=\"https:\/\/redenjambre.com\/index.php\/casa-amalur\/\" class=\"more-link\">Leer m\u00e1s<span class=\"screen-reader-text\"> \u00abCasa Amalur\u00bb<\/span><\/a><\/p>\n","protected":false},"author":1,"featured_media":0,"parent":0,"menu_order":0,"comment_status":"closed","ping_status":"closed","template":"","meta":{"footnotes":""},"jetpack_sharing_enabled":true,"featured_media_urls":[],"_links":{"self":[{"href":"https:\/\/redenjambre.com\/index.php\/wp-json\/wp\/v2\/pages\/630"}],"collection":[{"href":"https:\/\/redenjambre.com\/index.php\/wp-json\/wp\/v2\/pages"}],"about":[{"href":"https:\/\/redenjambre.com\/index.php\/wp-json\/wp\/v2\/types\/page"}],"author":[{"embeddable":true,"href":"https:\/\/redenjambre.com\/index.php\/wp-json\/wp\/v2\/users\/1"}],"replies":[{"embeddable":true,"href":"https:\/\/redenjambre.com\/index.php\/wp-json\/wp\/v2\/comments?post=630"}],"version-history":[{"count":2,"href":"https:\/\/redenjambre.com\/index.php\/wp-json\/wp\/v2\/pages\/630\/revisions"}],"predecessor-version":[{"id":652,"href":"https:\/\/redenjambre.com\/index.php\/wp-json\/wp\/v2\/pages\/630\/revisions\/652"}],"wp:attachment":[{"href":"https:\/\/redenjambre.com\/index.php\/wp-json\/wp\/v2\/media?parent=630"}],"curies":[{"name":"wp","href":"https:\/\/api.w.org\/{rel}","templated":true}]}}