{"id":459,"date":"2024-04-29T18:02:26","date_gmt":"2024-04-29T16:02:26","guid":{"rendered":"https:\/\/redenjambre.com\/?page_id=459"},"modified":"2024-05-03T15:34:00","modified_gmt":"2024-05-03T13:34:00","slug":"cafe-curiquingue","status":"publish","type":"page","link":"https:\/\/redenjambre.com\/index.php\/cafe-curiquingue\/","title":{"rendered":"Caf\u00e9 Curiquingue"},"content":{"rendered":"\n<figure class=\"wp-block-image aligncenter size-full\"><img fetchpriority=\"high\" decoding=\"async\" width=\"296\" height=\"295\" src=\"https:\/\/redenjambre.com\/wp-content\/uploads\/2024\/04\/image-15.png\" alt=\"\" class=\"wp-image-460\" srcset=\"https:\/\/redenjambre.com\/wp-content\/uploads\/2024\/04\/image-15.png 296w, https:\/\/redenjambre.com\/wp-content\/uploads\/2024\/04\/image-15-150x150.png 150w\" sizes=\"(max-width: 296px) 100vw, 296px\" \/><\/figure>\n\n\n\n<p><strong>Asociaci\u00f3n de J\u00f3venes Semillas del Ma\u00f1ana (ASJOSMA)<\/strong><\/p>\n\n\n\n<p>Municipio:<strong> <\/strong>Taminango<\/p>\n\n\n\n<p>N\u00famero de participantes:<strong> <\/strong>20 j\u00f3venes<\/p>\n\n\n\n<p><strong>Descripci\u00f3n del proceso del emprendimiento<\/strong><\/p>\n\n\n\n<p>Caf\u00e9 Curiquingue representa un emprendimiento liderado por 20 j\u00f3venes en el municipio de Taminango, enfocado en la transformaci\u00f3n de caf\u00e9 de alta calidad. Su enfoque se centra en mejorar gradualmente la calidad del producto mediante una capacitaci\u00f3n continua y un proceso de aprendizaje constante. Este esfuerzo contribuye directamente a elevar la calidad de vida de las familias dedicadas al cultivo de caf\u00e9 en la regi\u00f3n.<\/p>\n\n\n\n<p>Por otro lado, ASJOSMA est\u00e1 comprometida con la producci\u00f3n de caf\u00e9 de manera limpia y org\u00e1nica, abarcando diversas variedades que destacan por su calidad. Este enfoque potencia significativamente la excelencia del caf\u00e9 que producen. Adem\u00e1s, tienen planes a largo plazo para aprovechar las caracter\u00edsticas \u00fanicas del caf\u00e9 y desarrollar una variedad de productos derivados.<\/p>\n\n\n\n<p><strong>Contacto: <\/strong>313 707 17 57<\/p>\n\n\n\n<figure class=\"wp-block-embed is-type-video is-provider-youtube wp-block-embed-youtube wp-embed-aspect-16-9 wp-has-aspect-ratio\"><div class=\"wp-block-embed__wrapper\">\n<iframe title=\"Caf\u00e9 Curiquingue. Asociaci\u00f3n de J\u00f3venes Semillas del Ma\u00f1ana, municipio de Taminango.\" width=\"950\" height=\"534\" src=\"https:\/\/www.youtube.com\/embed\/LSaL2XOgqys?feature=oembed\" frameborder=\"0\" allow=\"accelerometer; autoplay; clipboard-write; encrypted-media; gyroscope; picture-in-picture; web-share\" referrerpolicy=\"strict-origin-when-cross-origin\" allowfullscreen><\/iframe>\n<\/div><\/figure>\n","protected":false},"excerpt":{"rendered":"<p>Asociaci\u00f3n de J\u00f3venes Semillas del Ma\u00f1ana (ASJOSMA) Municipio: Taminango N\u00famero de participantes: 20 j\u00f3venes Descripci\u00f3n del proceso del emprendimiento Caf\u00e9 Curiquingue representa un emprendimiento liderado por 20 j\u00f3venes en el municipio de Taminango, enfocado en la transformaci\u00f3n de caf\u00e9 de alta calidad. Su enfoque se centra en mejorar gradualmente la calidad del producto mediante una &hellip; <\/p>\n<p class=\"link-more\"><a href=\"https:\/\/redenjambre.com\/index.php\/cafe-curiquingue\/\" class=\"more-link\">Leer m\u00e1s<span class=\"screen-reader-text\"> \u00abCaf\u00e9 Curiquingue\u00bb<\/span><\/a><\/p>\n","protected":false},"author":1,"featured_media":0,"parent":0,"menu_order":0,"comment_status":"closed","ping_status":"closed","template":"","meta":{"footnotes":""},"jetpack_sharing_enabled":true,"featured_media_urls":[],"_links":{"self":[{"href":"https:\/\/redenjambre.com\/index.php\/wp-json\/wp\/v2\/pages\/459"}],"collection":[{"href":"https:\/\/redenjambre.com\/index.php\/wp-json\/wp\/v2\/pages"}],"about":[{"href":"https:\/\/redenjambre.com\/index.php\/wp-json\/wp\/v2\/types\/page"}],"author":[{"embeddable":true,"href":"https:\/\/redenjambre.com\/index.php\/wp-json\/wp\/v2\/users\/1"}],"replies":[{"embeddable":true,"href":"https:\/\/redenjambre.com\/index.php\/wp-json\/wp\/v2\/comments?post=459"}],"version-history":[{"count":4,"href":"https:\/\/redenjambre.com\/index.php\/wp-json\/wp\/v2\/pages\/459\/revisions"}],"predecessor-version":[{"id":512,"href":"https:\/\/redenjambre.com\/index.php\/wp-json\/wp\/v2\/pages\/459\/revisions\/512"}],"wp:attachment":[{"href":"https:\/\/redenjambre.com\/index.php\/wp-json\/wp\/v2\/media?parent=459"}],"curies":[{"name":"wp","href":"https:\/\/api.w.org\/{rel}","templated":true}]}}