{"id":456,"date":"2024-04-29T18:00:59","date_gmt":"2024-04-29T16:00:59","guid":{"rendered":"https:\/\/redenjambre.com\/?page_id=456"},"modified":"2024-05-04T22:19:37","modified_gmt":"2024-05-04T20:19:37","slug":"sabores-y-delicias-valpa","status":"publish","type":"page","link":"https:\/\/redenjambre.com\/index.php\/sabores-y-delicias-valpa\/","title":{"rendered":"Sabores y Delicias Valpa"},"content":{"rendered":"\n<figure class=\"wp-block-image aligncenter size-full\"><img fetchpriority=\"high\" decoding=\"async\" width=\"448\" height=\"300\" src=\"https:\/\/redenjambre.com\/wp-content\/uploads\/2024\/04\/image-14.png\" alt=\"\" class=\"wp-image-457\" srcset=\"https:\/\/redenjambre.com\/wp-content\/uploads\/2024\/04\/image-14.png 448w, https:\/\/redenjambre.com\/wp-content\/uploads\/2024\/04\/image-14-300x201.png 300w\" sizes=\"(max-width: 448px) 100vw, 448px\" \/><\/figure>\n\n\n\n<p><strong>Asociaci\u00f3n Huellas<\/strong><\/p>\n\n\n\n<p><strong>Vereda: <\/strong>Valpara\u00edso<\/p>\n\n\n\n<p><strong>N\u00famero de participantes: <\/strong>19 familias<\/p>\n\n\n\n<p><strong>Descripci\u00f3n del proceso del emprendimiento<\/strong><\/p>\n\n\n\n<p>Sabores y Delicias Valpa hace referencia a un emprendimiento gastron\u00f3mico que nace del proceso comunitario de la Asociaci\u00f3n Huellas, el producto principal de esta iniciativa son las empanadas de queso que se destacan por su sabor y calidad, al mismo tiempo se oferta otros productos como las salchipapas en el corregimiento El Carmen. Este proceso ha permitido impulsar la econom\u00eda de las mujeres campesinas a partir de la creaci\u00f3n de lazos sociales en el territorio y de igual forma, la mejora de las condiciones econ\u00f3micas.<\/p>\n\n\n\n<p><strong>Contacto: <\/strong>310 507 22 82<\/p>\n\n\n\n<figure class=\"wp-block-embed is-type-video is-provider-youtube wp-block-embed-youtube wp-embed-aspect-16-9 wp-has-aspect-ratio\"><div class=\"wp-block-embed__wrapper\">\n<iframe title=\"SABORES Y DELICIAS VALPA, Huellas. Municipio de San Lorenzo.\" width=\"950\" height=\"534\" src=\"https:\/\/www.youtube.com\/embed\/5RZEjLza9SA?feature=oembed\" frameborder=\"0\" allow=\"accelerometer; autoplay; clipboard-write; encrypted-media; gyroscope; picture-in-picture; web-share\" referrerpolicy=\"strict-origin-when-cross-origin\" allowfullscreen><\/iframe>\n<\/div><\/figure>\n","protected":false},"excerpt":{"rendered":"<p>Asociaci\u00f3n Huellas Vereda: Valpara\u00edso N\u00famero de participantes: 19 familias Descripci\u00f3n del proceso del emprendimiento Sabores y Delicias Valpa hace referencia a un emprendimiento gastron\u00f3mico que nace del proceso comunitario de la Asociaci\u00f3n Huellas, el producto principal de esta iniciativa son las empanadas de queso que se destacan por su sabor y calidad, al mismo tiempo &hellip; <\/p>\n<p class=\"link-more\"><a href=\"https:\/\/redenjambre.com\/index.php\/sabores-y-delicias-valpa\/\" class=\"more-link\">Leer m\u00e1s<span class=\"screen-reader-text\"> \u00abSabores y Delicias Valpa\u00bb<\/span><\/a><\/p>\n","protected":false},"author":1,"featured_media":0,"parent":0,"menu_order":0,"comment_status":"closed","ping_status":"closed","template":"","meta":{"footnotes":""},"jetpack_sharing_enabled":true,"featured_media_urls":[],"_links":{"self":[{"href":"https:\/\/redenjambre.com\/index.php\/wp-json\/wp\/v2\/pages\/456"}],"collection":[{"href":"https:\/\/redenjambre.com\/index.php\/wp-json\/wp\/v2\/pages"}],"about":[{"href":"https:\/\/redenjambre.com\/index.php\/wp-json\/wp\/v2\/types\/page"}],"author":[{"embeddable":true,"href":"https:\/\/redenjambre.com\/index.php\/wp-json\/wp\/v2\/users\/1"}],"replies":[{"embeddable":true,"href":"https:\/\/redenjambre.com\/index.php\/wp-json\/wp\/v2\/comments?post=456"}],"version-history":[{"count":3,"href":"https:\/\/redenjambre.com\/index.php\/wp-json\/wp\/v2\/pages\/456\/revisions"}],"predecessor-version":[{"id":522,"href":"https:\/\/redenjambre.com\/index.php\/wp-json\/wp\/v2\/pages\/456\/revisions\/522"}],"wp:attachment":[{"href":"https:\/\/redenjambre.com\/index.php\/wp-json\/wp\/v2\/media?parent=456"}],"curies":[{"name":"wp","href":"https:\/\/api.w.org\/{rel}","templated":true}]}}