{"id":450,"date":"2024-04-29T17:58:01","date_gmt":"2024-04-29T15:58:01","guid":{"rendered":"https:\/\/redenjambre.com\/?page_id=450"},"modified":"2024-05-17T18:54:34","modified_gmt":"2024-05-17T16:54:34","slug":"molino-hondeno","status":"publish","type":"page","link":"https:\/\/redenjambre.com\/index.php\/molino-hondeno\/","title":{"rendered":"Molino Honde\u00f1o"},"content":{"rendered":"\n<figure class=\"wp-block-image aligncenter size-full\"><img fetchpriority=\"high\" decoding=\"async\" width=\"330\" height=\"340\" src=\"https:\/\/redenjambre.com\/wp-content\/uploads\/2024\/04\/image-12.png\" alt=\"\" class=\"wp-image-451\" srcset=\"https:\/\/redenjambre.com\/wp-content\/uploads\/2024\/04\/image-12.png 330w, https:\/\/redenjambre.com\/wp-content\/uploads\/2024\/04\/image-12-291x300.png 291w\" sizes=\"(max-width: 330px) 100vw, 330px\" \/><\/figure>\n\n\n\n<p><strong>Asociaci\u00f3n<\/strong> <strong>Proyecci\u00f3n Honde\u00f1a<\/strong><\/p>\n\n\n\n<p>Vereda:<strong> <\/strong>&nbsp;La Honda<\/p>\n\n\n\n<p>N\u00famero de participantes:<strong> <\/strong>10 familias<\/p>\n\n\n\n<p><strong>Descripci\u00f3n del proceso del emprendimiento<\/strong><\/p>\n\n\n\n<p>En el emprendimiento del Molino Honde\u00f1o se destaca por la producci\u00f3n de harina de pl\u00e1tano y caf\u00e9 tostado, aprovechando las materias primas que hay en el territorio contribuyendo con la demanda de pl\u00e1tano y as\u00ed impulsando la econom\u00eda de los productores y sus familias. Por otra parte, el caf\u00e9 de este emprendimiento resalta por su proceso peculiar de tosti\u00f3n de caf\u00e9 en vasijas de barro, lo que brinda un sabor \u00fanico y diferente al producto, una tradici\u00f3n que se ha ido transmitiendo de generaci\u00f3n en generaci\u00f3n.<\/p>\n\n\n\n<p><strong>Contacto: <\/strong>314 729 36 92<\/p>\n\n\n\n<p><\/p>\n\n\n\n<figure class=\"wp-block-gallery has-nested-images columns-default is-cropped wp-block-gallery-1 is-layout-flex wp-block-gallery-is-layout-flex\">\n<figure class=\"wp-block-image size-large\"><img decoding=\"async\" width=\"768\" height=\"1024\" data-id=\"550\" src=\"https:\/\/redenjambre.com\/wp-content\/uploads\/2024\/05\/WhatsApp-Image-2024-04-24-at-4.31.40-PM-768x1024.jpeg\" alt=\"\" class=\"wp-image-550\" srcset=\"https:\/\/redenjambre.com\/wp-content\/uploads\/2024\/05\/WhatsApp-Image-2024-04-24-at-4.31.40-PM-768x1024.jpeg 768w, https:\/\/redenjambre.com\/wp-content\/uploads\/2024\/05\/WhatsApp-Image-2024-04-24-at-4.31.40-PM-225x300.jpeg 225w, https:\/\/redenjambre.com\/wp-content\/uploads\/2024\/05\/WhatsApp-Image-2024-04-24-at-4.31.40-PM.jpeg 1200w\" sizes=\"(max-width: 768px) 100vw, 768px\" \/><\/figure>\n\n\n\n<figure class=\"wp-block-image size-large\"><img decoding=\"async\" width=\"915\" height=\"1024\" data-id=\"551\" src=\"https:\/\/redenjambre.com\/wp-content\/uploads\/2024\/05\/WhatsApp-Image-2024-04-24-at-4.34.40-PM-915x1024.jpeg\" alt=\"\" class=\"wp-image-551\" srcset=\"https:\/\/redenjambre.com\/wp-content\/uploads\/2024\/05\/WhatsApp-Image-2024-04-24-at-4.34.40-PM-915x1024.jpeg 915w, https:\/\/redenjambre.com\/wp-content\/uploads\/2024\/05\/WhatsApp-Image-2024-04-24-at-4.34.40-PM-268x300.jpeg 268w, https:\/\/redenjambre.com\/wp-content\/uploads\/2024\/05\/WhatsApp-Image-2024-04-24-at-4.34.40-PM.jpeg 1189w\" sizes=\"(max-width: 915px) 100vw, 915px\" \/><\/figure>\n\n\n\n<figure class=\"wp-block-image size-large\"><img loading=\"lazy\" decoding=\"async\" width=\"768\" height=\"1024\" data-id=\"552\" src=\"https:\/\/redenjambre.com\/wp-content\/uploads\/2024\/05\/WhatsApp-Image-2024-04-24-at-4.31.37-PM-768x1024.jpeg\" alt=\"\" class=\"wp-image-552\" srcset=\"https:\/\/redenjambre.com\/wp-content\/uploads\/2024\/05\/WhatsApp-Image-2024-04-24-at-4.31.37-PM-768x1024.jpeg 768w, https:\/\/redenjambre.com\/wp-content\/uploads\/2024\/05\/WhatsApp-Image-2024-04-24-at-4.31.37-PM-225x300.jpeg 225w, https:\/\/redenjambre.com\/wp-content\/uploads\/2024\/05\/WhatsApp-Image-2024-04-24-at-4.31.37-PM.jpeg 1200w\" sizes=\"(max-width: 768px) 100vw, 768px\" \/><\/figure>\n<\/figure>\n\n\n\n<p><\/p>\n\n\n\n<figure class=\"wp-block-embed is-type-video is-provider-youtube wp-block-embed-youtube wp-embed-aspect-16-9 wp-has-aspect-ratio\"><div class=\"wp-block-embed__wrapper\">\n<iframe title=\"MOLINO HONDE\u00d1O, Asociaci\u00f3n Proyecci\u00f3n Honde\u00f1a. Municipio de San Lorenzo.\" width=\"950\" height=\"534\" src=\"https:\/\/www.youtube.com\/embed\/JpMoHCcpUlw?feature=oembed\" frameborder=\"0\" allow=\"accelerometer; autoplay; clipboard-write; encrypted-media; gyroscope; picture-in-picture; web-share\" referrerpolicy=\"strict-origin-when-cross-origin\" allowfullscreen><\/iframe>\n<\/div><\/figure>\n","protected":false},"excerpt":{"rendered":"<p>Asociaci\u00f3n Proyecci\u00f3n Honde\u00f1a Vereda: &nbsp;La Honda N\u00famero de participantes: 10 familias Descripci\u00f3n del proceso del emprendimiento En el emprendimiento del Molino Honde\u00f1o se destaca por la producci\u00f3n de harina de pl\u00e1tano y caf\u00e9 tostado, aprovechando las materias primas que hay en el territorio contribuyendo con la demanda de pl\u00e1tano y as\u00ed impulsando la econom\u00eda de &hellip; <\/p>\n<p class=\"link-more\"><a href=\"https:\/\/redenjambre.com\/index.php\/molino-hondeno\/\" class=\"more-link\">Leer m\u00e1s<span class=\"screen-reader-text\"> \u00abMolino Honde\u00f1o\u00bb<\/span><\/a><\/p>\n","protected":false},"author":1,"featured_media":0,"parent":0,"menu_order":0,"comment_status":"closed","ping_status":"closed","template":"","meta":{"footnotes":""},"jetpack_sharing_enabled":true,"featured_media_urls":[],"_links":{"self":[{"href":"https:\/\/redenjambre.com\/index.php\/wp-json\/wp\/v2\/pages\/450"}],"collection":[{"href":"https:\/\/redenjambre.com\/index.php\/wp-json\/wp\/v2\/pages"}],"about":[{"href":"https:\/\/redenjambre.com\/index.php\/wp-json\/wp\/v2\/types\/page"}],"author":[{"embeddable":true,"href":"https:\/\/redenjambre.com\/index.php\/wp-json\/wp\/v2\/users\/1"}],"replies":[{"embeddable":true,"href":"https:\/\/redenjambre.com\/index.php\/wp-json\/wp\/v2\/comments?post=450"}],"version-history":[{"count":6,"href":"https:\/\/redenjambre.com\/index.php\/wp-json\/wp\/v2\/pages\/450\/revisions"}],"predecessor-version":[{"id":554,"href":"https:\/\/redenjambre.com\/index.php\/wp-json\/wp\/v2\/pages\/450\/revisions\/554"}],"wp:attachment":[{"href":"https:\/\/redenjambre.com\/index.php\/wp-json\/wp\/v2\/media?parent=450"}],"curies":[{"name":"wp","href":"https:\/\/api.w.org\/{rel}","templated":true}]}}