{"id":447,"date":"2024-04-29T17:56:29","date_gmt":"2024-04-29T15:56:29","guid":{"rendered":"https:\/\/redenjambre.com\/?page_id=447"},"modified":"2024-05-04T19:56:05","modified_gmt":"2024-05-04T17:56:05","slug":"panaderia-el-eden","status":"publish","type":"page","link":"https:\/\/redenjambre.com\/index.php\/panaderia-el-eden\/","title":{"rendered":"Panader\u00eda El Ed\u00e9n"},"content":{"rendered":"\n<figure class=\"wp-block-image aligncenter size-full\"><img fetchpriority=\"high\" decoding=\"async\" width=\"291\" height=\"292\" src=\"https:\/\/redenjambre.com\/wp-content\/uploads\/2024\/04\/image-11.png\" alt=\"\" class=\"wp-image-448\" srcset=\"https:\/\/redenjambre.com\/wp-content\/uploads\/2024\/04\/image-11.png 291w, https:\/\/redenjambre.com\/wp-content\/uploads\/2024\/04\/image-11-150x150.png 150w\" sizes=\"(max-width: 291px) 100vw, 291px\" \/><\/figure>\n\n\n\n<p><strong>Asociaci\u00f3n Ra\u00edces de mi tierra<\/strong><\/p>\n\n\n\n<p>Vereda:<strong> <\/strong>San Gerardo<\/p>\n\n\n\n<p>N\u00famero de participantes:<strong> <\/strong>11 familias<\/p>\n\n\n\n<p><strong>Descripci\u00f3n del proceso del emprendimiento<\/strong><\/p>\n\n\n\n<p>La Panader\u00eda El Ed\u00e9n es un emprendimiento conformado por once familias de la vereda San Gerardo. Esta iniciativa se ha destacado por su excelente sabor y calidad, lo que les ha brindado una nueva fuente de ingresos a los participantes. Adem\u00e1s, la producci\u00f3n de estos productos ha contribuido significativamente a la econom\u00eda local, ya que antes de esta iniciativa, no hab\u00eda oferta de estos productos en la zona.<\/p>\n\n\n\n<p><strong>Contacto: <\/strong>310 475 45 26<\/p>\n\n\n\n<figure class=\"wp-block-embed is-type-video is-provider-youtube wp-block-embed-youtube wp-embed-aspect-16-9 wp-has-aspect-ratio\"><div class=\"wp-block-embed__wrapper\">\n<iframe title=\"PANADER\u00cdA EL ED\u00c9N, Ra\u00edces de mi tierra. Municipio de San Lorenzo.\" width=\"950\" height=\"534\" src=\"https:\/\/www.youtube.com\/embed\/3TOogX00SsY?feature=oembed\" frameborder=\"0\" allow=\"accelerometer; autoplay; clipboard-write; encrypted-media; gyroscope; picture-in-picture; web-share\" referrerpolicy=\"strict-origin-when-cross-origin\" allowfullscreen><\/iframe>\n<\/div><\/figure>\n","protected":false},"excerpt":{"rendered":"<p>Asociaci\u00f3n Ra\u00edces de mi tierra Vereda: San Gerardo N\u00famero de participantes: 11 familias Descripci\u00f3n del proceso del emprendimiento La Panader\u00eda El Ed\u00e9n es un emprendimiento conformado por once familias de la vereda San Gerardo. Esta iniciativa se ha destacado por su excelente sabor y calidad, lo que les ha brindado una nueva fuente de ingresos &hellip; <\/p>\n<p class=\"link-more\"><a href=\"https:\/\/redenjambre.com\/index.php\/panaderia-el-eden\/\" class=\"more-link\">Leer m\u00e1s<span class=\"screen-reader-text\"> \u00abPanader\u00eda El Ed\u00e9n\u00bb<\/span><\/a><\/p>\n","protected":false},"author":1,"featured_media":0,"parent":0,"menu_order":0,"comment_status":"closed","ping_status":"closed","template":"","meta":{"footnotes":""},"jetpack_sharing_enabled":true,"featured_media_urls":[],"_links":{"self":[{"href":"https:\/\/redenjambre.com\/index.php\/wp-json\/wp\/v2\/pages\/447"}],"collection":[{"href":"https:\/\/redenjambre.com\/index.php\/wp-json\/wp\/v2\/pages"}],"about":[{"href":"https:\/\/redenjambre.com\/index.php\/wp-json\/wp\/v2\/types\/page"}],"author":[{"embeddable":true,"href":"https:\/\/redenjambre.com\/index.php\/wp-json\/wp\/v2\/users\/1"}],"replies":[{"embeddable":true,"href":"https:\/\/redenjambre.com\/index.php\/wp-json\/wp\/v2\/comments?post=447"}],"version-history":[{"count":3,"href":"https:\/\/redenjambre.com\/index.php\/wp-json\/wp\/v2\/pages\/447\/revisions"}],"predecessor-version":[{"id":517,"href":"https:\/\/redenjambre.com\/index.php\/wp-json\/wp\/v2\/pages\/447\/revisions\/517"}],"wp:attachment":[{"href":"https:\/\/redenjambre.com\/index.php\/wp-json\/wp\/v2\/media?parent=447"}],"curies":[{"name":"wp","href":"https:\/\/api.w.org\/{rel}","templated":true}]}}