{"id":438,"date":"2024-04-29T17:51:55","date_gmt":"2024-04-29T15:51:55","guid":{"rendered":"https:\/\/redenjambre.com\/?page_id=438"},"modified":"2024-05-17T18:46:55","modified_gmt":"2024-05-17T16:46:55","slug":"cafe-dalmacia","status":"publish","type":"page","link":"https:\/\/redenjambre.com\/index.php\/cafe-dalmacia\/","title":{"rendered":"Caf\u00e9 Dalmacia"},"content":{"rendered":"\n<figure class=\"wp-block-image aligncenter size-full\"><img fetchpriority=\"high\" decoding=\"async\" width=\"230\" height=\"335\" src=\"https:\/\/redenjambre.com\/wp-content\/uploads\/2024\/04\/image-8.png\" alt=\"\" class=\"wp-image-439\" srcset=\"https:\/\/redenjambre.com\/wp-content\/uploads\/2024\/04\/image-8.png 230w, https:\/\/redenjambre.com\/wp-content\/uploads\/2024\/04\/image-8-206x300.png 206w\" sizes=\"(max-width: 230px) 100vw, 230px\" \/><\/figure>\n\n\n\n<p><strong>Asociaci\u00f3n Innovar Pro<\/strong><\/p>\n\n\n\n<p>Vereda<strong>: <\/strong>San Isidro<\/p>\n\n\n\n<p>N\u00famero de participantes: 21 familias<\/p>\n\n\n\n<p><strong>Descripci\u00f3n del proceso del emprendimiento<\/strong><\/p>\n\n\n\n<p>El emprendimiento de Caf\u00e9 Dalmacia se dedica a la tosti\u00f3n y venta de caf\u00e9, cuyo nombre hace homenaje a su territorio. El prop\u00f3sito de este emprendimiento radica en fortalecer las oportunidades econ\u00f3micas de los miembros de la asociaci\u00f3n y sus familias a trav\u00e9s del cultivo y transformaci\u00f3n del caf\u00e9. Al mismo tiempo, se fortalece el proceso comunitario por medio de huertas caseras y un grupo autogestionado de ahorro y cr\u00e9dito, los cuales permiten impulsar la econom\u00eda local y solidaria.<\/p>\n\n\n\n<p><strong>Contacto: <\/strong>313 850 39 46<\/p>\n\n\n\n<figure class=\"wp-block-image aligncenter size-large\"><img decoding=\"async\" width=\"1024\" height=\"576\" src=\"https:\/\/redenjambre.com\/wp-content\/uploads\/2024\/05\/WhatsApp-Image-2024-04-24-at-5.14.30-PM-2-1024x576.jpeg\" alt=\"\" class=\"wp-image-538\" srcset=\"https:\/\/redenjambre.com\/wp-content\/uploads\/2024\/05\/WhatsApp-Image-2024-04-24-at-5.14.30-PM-2-1024x576.jpeg 1024w, https:\/\/redenjambre.com\/wp-content\/uploads\/2024\/05\/WhatsApp-Image-2024-04-24-at-5.14.30-PM-2-300x169.jpeg 300w, https:\/\/redenjambre.com\/wp-content\/uploads\/2024\/05\/WhatsApp-Image-2024-04-24-at-5.14.30-PM-2.jpeg 1280w\" sizes=\"(max-width: 1024px) 100vw, 1024px\" \/><\/figure>\n\n\n\n<figure class=\"wp-block-embed is-type-video is-provider-youtube wp-block-embed-youtube wp-embed-aspect-16-9 wp-has-aspect-ratio\"><div class=\"wp-block-embed__wrapper\">\n<iframe title=\"CAF\u00c9 DALMACIA, Asociaci\u00f3n Innovar Pro. Municipio de San Lorenzo\" width=\"950\" height=\"534\" src=\"https:\/\/www.youtube.com\/embed\/skJniaIHu44?feature=oembed\" frameborder=\"0\" allow=\"accelerometer; autoplay; clipboard-write; encrypted-media; gyroscope; picture-in-picture; web-share\" referrerpolicy=\"strict-origin-when-cross-origin\" allowfullscreen><\/iframe>\n<\/div><\/figure>\n","protected":false},"excerpt":{"rendered":"<p>Asociaci\u00f3n Innovar Pro Vereda: San Isidro N\u00famero de participantes: 21 familias Descripci\u00f3n del proceso del emprendimiento El emprendimiento de Caf\u00e9 Dalmacia se dedica a la tosti\u00f3n y venta de caf\u00e9, cuyo nombre hace homenaje a su territorio. El prop\u00f3sito de este emprendimiento radica en fortalecer las oportunidades econ\u00f3micas de los miembros de la asociaci\u00f3n y &hellip; <\/p>\n<p class=\"link-more\"><a href=\"https:\/\/redenjambre.com\/index.php\/cafe-dalmacia\/\" class=\"more-link\">Leer m\u00e1s<span class=\"screen-reader-text\"> \u00abCaf\u00e9 Dalmacia\u00bb<\/span><\/a><\/p>\n","protected":false},"author":1,"featured_media":0,"parent":0,"menu_order":0,"comment_status":"closed","ping_status":"closed","template":"","meta":{"footnotes":""},"jetpack_sharing_enabled":true,"featured_media_urls":[],"_links":{"self":[{"href":"https:\/\/redenjambre.com\/index.php\/wp-json\/wp\/v2\/pages\/438"}],"collection":[{"href":"https:\/\/redenjambre.com\/index.php\/wp-json\/wp\/v2\/pages"}],"about":[{"href":"https:\/\/redenjambre.com\/index.php\/wp-json\/wp\/v2\/types\/page"}],"author":[{"embeddable":true,"href":"https:\/\/redenjambre.com\/index.php\/wp-json\/wp\/v2\/users\/1"}],"replies":[{"embeddable":true,"href":"https:\/\/redenjambre.com\/index.php\/wp-json\/wp\/v2\/comments?post=438"}],"version-history":[{"count":5,"href":"https:\/\/redenjambre.com\/index.php\/wp-json\/wp\/v2\/pages\/438\/revisions"}],"predecessor-version":[{"id":540,"href":"https:\/\/redenjambre.com\/index.php\/wp-json\/wp\/v2\/pages\/438\/revisions\/540"}],"wp:attachment":[{"href":"https:\/\/redenjambre.com\/index.php\/wp-json\/wp\/v2\/media?parent=438"}],"curies":[{"name":"wp","href":"https:\/\/api.w.org\/{rel}","templated":true}]}}