{"id":432,"date":"2024-04-29T17:48:33","date_gmt":"2024-04-29T15:48:33","guid":{"rendered":"https:\/\/redenjambre.com\/?page_id=432"},"modified":"2024-05-04T20:17:26","modified_gmt":"2024-05-04T18:17:26","slug":"pollo-granjero","status":"publish","type":"page","link":"https:\/\/redenjambre.com\/index.php\/pollo-granjero\/","title":{"rendered":"Pollo Granjero"},"content":{"rendered":"\n<figure class=\"wp-block-image aligncenter size-full\"><img fetchpriority=\"high\" decoding=\"async\" width=\"318\" height=\"300\" src=\"https:\/\/redenjambre.com\/wp-content\/uploads\/2024\/04\/image-6.png\" alt=\"\" class=\"wp-image-433\" srcset=\"https:\/\/redenjambre.com\/wp-content\/uploads\/2024\/04\/image-6.png 318w, https:\/\/redenjambre.com\/wp-content\/uploads\/2024\/04\/image-6-300x283.png 300w\" sizes=\"(max-width: 318px) 100vw, 318px\" \/><\/figure>\n\n\n\n<p><strong>Asociaci\u00f3n<\/strong> <strong>Sembradores de Vida y Libertad<\/strong><\/p>\n\n\n\n<p>Vereda: San Clemente<\/p>\n\n\n\n<p>N\u00famero de participantes: 18 familias<\/p>\n\n\n\n<p><strong>Descripci\u00f3n del proceso del emprendimiento<\/strong><\/p>\n\n\n\n<p>Pollo Granjero es un emprendimiento cuya actividad es la comercializaci\u00f3n de quesos y pollo crudo en bandeja, esto ha permitido fortalecer la econom\u00eda local de la comunidad de las veredas cercanas, ya que, los proveedores de las materias primas son los productores de fincas del territorio, lo que contribuye a un proceso comunitario de econom\u00edas solidarias. As\u00ed mismo, como asociaci\u00f3n propenden por el bienestar social y ambiental, para generar un impacto positivo en el territorio desde diferentes perspectivas.<\/p>\n\n\n\n<p><strong>Contacto:<\/strong> 314 751 41 42<\/p>\n\n\n\n<figure class=\"wp-block-embed is-type-video is-provider-youtube wp-block-embed-youtube wp-embed-aspect-16-9 wp-has-aspect-ratio\"><div class=\"wp-block-embed__wrapper\">\n<iframe title=\"POLLO GRANJERO, Asociaci\u00f3n Sembradores de Vida y Libertad\" width=\"950\" height=\"534\" src=\"https:\/\/www.youtube.com\/embed\/4ta3Accow-E?feature=oembed\" frameborder=\"0\" allow=\"accelerometer; autoplay; clipboard-write; encrypted-media; gyroscope; picture-in-picture; web-share\" referrerpolicy=\"strict-origin-when-cross-origin\" allowfullscreen><\/iframe>\n<\/div><\/figure>\n","protected":false},"excerpt":{"rendered":"<p>Asociaci\u00f3n Sembradores de Vida y Libertad Vereda: San Clemente N\u00famero de participantes: 18 familias Descripci\u00f3n del proceso del emprendimiento Pollo Granjero es un emprendimiento cuya actividad es la comercializaci\u00f3n de quesos y pollo crudo en bandeja, esto ha permitido fortalecer la econom\u00eda local de la comunidad de las veredas cercanas, ya que, los proveedores de &hellip; <\/p>\n<p class=\"link-more\"><a href=\"https:\/\/redenjambre.com\/index.php\/pollo-granjero\/\" class=\"more-link\">Leer m\u00e1s<span class=\"screen-reader-text\"> \u00abPollo Granjero\u00bb<\/span><\/a><\/p>\n","protected":false},"author":1,"featured_media":0,"parent":0,"menu_order":0,"comment_status":"closed","ping_status":"closed","template":"","meta":{"footnotes":""},"jetpack_sharing_enabled":true,"featured_media_urls":[],"_links":{"self":[{"href":"https:\/\/redenjambre.com\/index.php\/wp-json\/wp\/v2\/pages\/432"}],"collection":[{"href":"https:\/\/redenjambre.com\/index.php\/wp-json\/wp\/v2\/pages"}],"about":[{"href":"https:\/\/redenjambre.com\/index.php\/wp-json\/wp\/v2\/types\/page"}],"author":[{"embeddable":true,"href":"https:\/\/redenjambre.com\/index.php\/wp-json\/wp\/v2\/users\/1"}],"replies":[{"embeddable":true,"href":"https:\/\/redenjambre.com\/index.php\/wp-json\/wp\/v2\/comments?post=432"}],"version-history":[{"count":3,"href":"https:\/\/redenjambre.com\/index.php\/wp-json\/wp\/v2\/pages\/432\/revisions"}],"predecessor-version":[{"id":518,"href":"https:\/\/redenjambre.com\/index.php\/wp-json\/wp\/v2\/pages\/432\/revisions\/518"}],"wp:attachment":[{"href":"https:\/\/redenjambre.com\/index.php\/wp-json\/wp\/v2\/media?parent=432"}],"curies":[{"name":"wp","href":"https:\/\/api.w.org\/{rel}","templated":true}]}}