{"id":426,"date":"2024-04-29T16:04:17","date_gmt":"2024-04-29T14:04:17","guid":{"rendered":"https:\/\/redenjambre.com\/?page_id=426"},"modified":"2024-05-17T18:48:13","modified_gmt":"2024-05-17T16:48:13","slug":"rancho-el-sabor","status":"publish","type":"page","link":"https:\/\/redenjambre.com\/index.php\/rancho-el-sabor\/","title":{"rendered":"Rancho del Sabor"},"content":{"rendered":"\n<figure class=\"wp-block-image aligncenter size-full\"><img fetchpriority=\"high\" decoding=\"async\" width=\"366\" height=\"277\" src=\"https:\/\/redenjambre.com\/wp-content\/uploads\/2024\/04\/image-5.png\" alt=\"\" class=\"wp-image-427\" srcset=\"https:\/\/redenjambre.com\/wp-content\/uploads\/2024\/04\/image-5.png 366w, https:\/\/redenjambre.com\/wp-content\/uploads\/2024\/04\/image-5-300x227.png 300w\" sizes=\"(max-width: 366px) 100vw, 366px\" \/><\/figure>\n\n\n\n<p><strong>Asociaci\u00f3n<\/strong> <strong>So\u00f1ando un Nuevo Futuro<\/strong><\/p>\n\n\n\n<p>Vereda: San Clemente<\/p>\n\n\n\n<p>N\u00famero de participantes: 16 familias<\/p>\n\n\n\n<p><strong>Descripci\u00f3n<\/strong> <strong>del proceso del emprendimiento<\/strong>:<\/p>\n\n\n\n<p>Rancho del Sabor se enfoca en la preparaci\u00f3n de las tradicionales empandas de a\u00f1ejo, destac\u00e1ndose por hacer uso de sabores naturales, lo que les proporciona un sabor artesanal e inigualable. La participaci\u00f3n de los miembros de la asociaci\u00f3n So\u00f1ando Nuevo Futuro ha tra\u00eddo beneficios tanto a los miembros como la comunidad en general.<\/p>\n\n\n\n<p><strong>Contacto:<\/strong> 315 520 0171<\/p>\n\n\n\n<figure class=\"wp-block-gallery has-nested-images columns-default is-cropped wp-block-gallery-1 is-layout-flex wp-block-gallery-is-layout-flex\">\n<figure class=\"wp-block-image size-large\"><img decoding=\"async\" width=\"1024\" height=\"576\" data-id=\"542\" src=\"https:\/\/redenjambre.com\/wp-content\/uploads\/2024\/05\/WhatsApp-Image-2024-04-24-at-5.14.28-PM-1-1024x576.jpeg\" alt=\"\" class=\"wp-image-542\" srcset=\"https:\/\/redenjambre.com\/wp-content\/uploads\/2024\/05\/WhatsApp-Image-2024-04-24-at-5.14.28-PM-1-1024x576.jpeg 1024w, https:\/\/redenjambre.com\/wp-content\/uploads\/2024\/05\/WhatsApp-Image-2024-04-24-at-5.14.28-PM-1-300x169.jpeg 300w, https:\/\/redenjambre.com\/wp-content\/uploads\/2024\/05\/WhatsApp-Image-2024-04-24-at-5.14.28-PM-1.jpeg 1280w\" sizes=\"(max-width: 1024px) 100vw, 1024px\" \/><\/figure>\n\n\n\n<figure class=\"wp-block-image size-large\"><img decoding=\"async\" width=\"1024\" height=\"576\" data-id=\"541\" src=\"https:\/\/redenjambre.com\/wp-content\/uploads\/2024\/05\/WhatsApp-Image-2024-04-24-at-5.14.29-PM-2-1024x576.jpeg\" alt=\"\" class=\"wp-image-541\" srcset=\"https:\/\/redenjambre.com\/wp-content\/uploads\/2024\/05\/WhatsApp-Image-2024-04-24-at-5.14.29-PM-2-1024x576.jpeg 1024w, https:\/\/redenjambre.com\/wp-content\/uploads\/2024\/05\/WhatsApp-Image-2024-04-24-at-5.14.29-PM-2-300x169.jpeg 300w, https:\/\/redenjambre.com\/wp-content\/uploads\/2024\/05\/WhatsApp-Image-2024-04-24-at-5.14.29-PM-2.jpeg 1280w\" sizes=\"(max-width: 1024px) 100vw, 1024px\" \/><\/figure>\n<\/figure>\n\n\n\n<figure class=\"wp-block-embed is-type-video is-provider-youtube wp-block-embed-youtube wp-embed-aspect-16-9 wp-has-aspect-ratio\"><div class=\"wp-block-embed__wrapper\">\n<iframe title=\"RANCHO DEL SABOR, Asociaci\u00f3n So\u00f1ando Nuevo Futuro. Municipio de San Lorenzo\" width=\"950\" height=\"534\" src=\"https:\/\/www.youtube.com\/embed\/HR4hFxRcJUo?feature=oembed\" frameborder=\"0\" allow=\"accelerometer; autoplay; clipboard-write; encrypted-media; gyroscope; picture-in-picture; web-share\" referrerpolicy=\"strict-origin-when-cross-origin\" allowfullscreen><\/iframe>\n<\/div><\/figure>\n","protected":false},"excerpt":{"rendered":"<p>Asociaci\u00f3n So\u00f1ando un Nuevo Futuro Vereda: San Clemente N\u00famero de participantes: 16 familias Descripci\u00f3n del proceso del emprendimiento: Rancho del Sabor se enfoca en la preparaci\u00f3n de las tradicionales empandas de a\u00f1ejo, destac\u00e1ndose por hacer uso de sabores naturales, lo que les proporciona un sabor artesanal e inigualable. La participaci\u00f3n de los miembros de la &hellip; <\/p>\n<p class=\"link-more\"><a href=\"https:\/\/redenjambre.com\/index.php\/rancho-el-sabor\/\" class=\"more-link\">Leer m\u00e1s<span class=\"screen-reader-text\"> \u00abRancho del Sabor\u00bb<\/span><\/a><\/p>\n","protected":false},"author":1,"featured_media":0,"parent":0,"menu_order":0,"comment_status":"closed","ping_status":"closed","template":"","meta":{"footnotes":""},"jetpack_sharing_enabled":true,"featured_media_urls":[],"_links":{"self":[{"href":"https:\/\/redenjambre.com\/index.php\/wp-json\/wp\/v2\/pages\/426"}],"collection":[{"href":"https:\/\/redenjambre.com\/index.php\/wp-json\/wp\/v2\/pages"}],"about":[{"href":"https:\/\/redenjambre.com\/index.php\/wp-json\/wp\/v2\/types\/page"}],"author":[{"embeddable":true,"href":"https:\/\/redenjambre.com\/index.php\/wp-json\/wp\/v2\/users\/1"}],"replies":[{"embeddable":true,"href":"https:\/\/redenjambre.com\/index.php\/wp-json\/wp\/v2\/comments?post=426"}],"version-history":[{"count":7,"href":"https:\/\/redenjambre.com\/index.php\/wp-json\/wp\/v2\/pages\/426\/revisions"}],"predecessor-version":[{"id":543,"href":"https:\/\/redenjambre.com\/index.php\/wp-json\/wp\/v2\/pages\/426\/revisions\/543"}],"wp:attachment":[{"href":"https:\/\/redenjambre.com\/index.php\/wp-json\/wp\/v2\/media?parent=426"}],"curies":[{"name":"wp","href":"https:\/\/api.w.org\/{rel}","templated":true}]}}