{"id":413,"date":"2024-04-28T17:17:27","date_gmt":"2024-04-28T15:17:27","guid":{"rendered":"https:\/\/redenjambre.com\/?page_id=413"},"modified":"2024-04-30T22:09:01","modified_gmt":"2024-04-30T20:09:01","slug":"la-veguena","status":"publish","type":"page","link":"https:\/\/redenjambre.com\/index.php\/la-veguena\/","title":{"rendered":"La Vegue\u00f1a"},"content":{"rendered":"\n<figure class=\"wp-block-image aligncenter size-full\"><img fetchpriority=\"high\" decoding=\"async\" width=\"412\" height=\"468\" src=\"https:\/\/redenjambre.com\/wp-content\/uploads\/2024\/04\/image-2.png\" alt=\"\" class=\"wp-image-414\" srcset=\"https:\/\/redenjambre.com\/wp-content\/uploads\/2024\/04\/image-2.png 412w, https:\/\/redenjambre.com\/wp-content\/uploads\/2024\/04\/image-2-264x300.png 264w\" sizes=\"(max-width: 412px) 100vw, 412px\" \/><\/figure>\n\n\n\n<p><strong>Asociaci\u00f3n: Asociaci\u00f3n de Mujeres Independientes Aw\u00e1 (ASMINAW\u00c1)<\/strong><\/p>\n\n\n\n<p>Resguardo:<strong> <\/strong>Vegas Chag\u00fc\u00ed Chimbuza<\/p>\n\n\n\n<p>N\u00famero de participantes:<strong> <\/strong>14 familias<\/p>\n\n\n\n<p><strong>Descripci\u00f3n<\/strong> <strong>del proceso del emprendimiento<\/strong>:<\/p>\n\n\n\n<p>La asociaci\u00f3n ASMINAW\u00c1 surge de la uni\u00f3n de 13 mujeres ind\u00edgenas y un hombre v\u00edctimas del desplazamiento forzado, que se unen para hacerle frente a las m\u00faltiples necesidades y es as\u00ed como en el a\u00f1o 2015 se constituye como organizaci\u00f3n que busca el mejoramiento de la calidad de vida de estas familias. Inicio sus actividades en enero de 2015, en el municipio de Ricaurte, sus asociados son del resguardo de Vegas Chag\u00fc\u00ed Chimbuza, en su mayor\u00eda mujeres ind\u00edgenas v\u00edctimas del conflicto armado, quienes buscan alternativas que permitan preservar su territorio generando iniciativas y trabajo en equipo, en busca de un bien comunitario, que genere armon\u00eda.<\/p>\n\n\n\n<p>Como Asociaci\u00f3n se cultiva, transforma y comercializa la harina a base de chiro o banano bocadillo, en este emprendimiento se cuenta con varias fortalezas entre ellas con la existencia de los cultivos de chiro y el conocimiento ancestral que han ido recibiendo de las anteriores generaciones en el cultivo de manera tradicional, especialmente sin la utilizaci\u00f3n de qu\u00edmicos generando un producto natural. El chiro es un producto que representa la base fundamental de alimentaci\u00f3n para todo el territorio ind\u00edgena Aw\u00e1 del municipio de Ricaurte. Para la transformaci\u00f3n la asociaci\u00f3n cuenta con maquinaria como es el horno deshidratador, tajadora, molino de martillo y utensilios b\u00e1sicos para el tamizaje y empaque. Lo cual ha permitido vender la harina sobre pedido y los mercados campesinos que ha organizado la alcald\u00eda de Ricaurte especialmente, gobernaci\u00f3n de Nari\u00f1o, e instituciones como Suyusama.<\/p>\n\n\n\n<p><strong>Contacto: <\/strong>harichirolaveguena@gmail.com \u2013 314 893 92 06<\/p>\n\n\n\n<figure class=\"wp-block-image aligncenter size-full\"><img decoding=\"async\" width=\"824\" height=\"454\" src=\"https:\/\/redenjambre.com\/wp-content\/uploads\/2024\/04\/image-3.png\" alt=\"\" class=\"wp-image-415\" srcset=\"https:\/\/redenjambre.com\/wp-content\/uploads\/2024\/04\/image-3.png 824w, https:\/\/redenjambre.com\/wp-content\/uploads\/2024\/04\/image-3-300x165.png 300w\" sizes=\"(max-width: 824px) 100vw, 824px\" \/><\/figure>\n\n\n\n<figure class=\"wp-block-embed is-type-video is-provider-youtube wp-block-embed-youtube wp-embed-aspect-16-9 wp-has-aspect-ratio\"><div class=\"wp-block-embed__wrapper\">\n<iframe title=\"Emprendimiento La Vegue\u00f1a\" width=\"950\" height=\"534\" src=\"https:\/\/www.youtube.com\/embed\/UFLHVjrMNTs?feature=oembed\" frameborder=\"0\" allow=\"accelerometer; autoplay; clipboard-write; encrypted-media; gyroscope; picture-in-picture; web-share\" referrerpolicy=\"strict-origin-when-cross-origin\" allowfullscreen><\/iframe>\n<\/div><\/figure>\n","protected":false},"excerpt":{"rendered":"<p>Asociaci\u00f3n: Asociaci\u00f3n de Mujeres Independientes Aw\u00e1 (ASMINAW\u00c1) Resguardo: Vegas Chag\u00fc\u00ed Chimbuza N\u00famero de participantes: 14 familias Descripci\u00f3n del proceso del emprendimiento: La asociaci\u00f3n ASMINAW\u00c1 surge de la uni\u00f3n de 13 mujeres ind\u00edgenas y un hombre v\u00edctimas del desplazamiento forzado, que se unen para hacerle frente a las m\u00faltiples necesidades y es as\u00ed como en el &hellip; <\/p>\n<p class=\"link-more\"><a href=\"https:\/\/redenjambre.com\/index.php\/la-veguena\/\" class=\"more-link\">Leer m\u00e1s<span class=\"screen-reader-text\"> \u00abLa Vegue\u00f1a\u00bb<\/span><\/a><\/p>\n","protected":false},"author":1,"featured_media":0,"parent":0,"menu_order":0,"comment_status":"closed","ping_status":"closed","template":"","meta":{"footnotes":""},"jetpack_sharing_enabled":true,"featured_media_urls":[],"_links":{"self":[{"href":"https:\/\/redenjambre.com\/index.php\/wp-json\/wp\/v2\/pages\/413"}],"collection":[{"href":"https:\/\/redenjambre.com\/index.php\/wp-json\/wp\/v2\/pages"}],"about":[{"href":"https:\/\/redenjambre.com\/index.php\/wp-json\/wp\/v2\/types\/page"}],"author":[{"embeddable":true,"href":"https:\/\/redenjambre.com\/index.php\/wp-json\/wp\/v2\/users\/1"}],"replies":[{"embeddable":true,"href":"https:\/\/redenjambre.com\/index.php\/wp-json\/wp\/v2\/comments?post=413"}],"version-history":[{"count":6,"href":"https:\/\/redenjambre.com\/index.php\/wp-json\/wp\/v2\/pages\/413\/revisions"}],"predecessor-version":[{"id":506,"href":"https:\/\/redenjambre.com\/index.php\/wp-json\/wp\/v2\/pages\/413\/revisions\/506"}],"wp:attachment":[{"href":"https:\/\/redenjambre.com\/index.php\/wp-json\/wp\/v2\/media?parent=413"}],"curies":[{"name":"wp","href":"https:\/\/api.w.org\/{rel}","templated":true}]}}