{"id":111,"date":"2023-11-14T18:55:24","date_gmt":"2023-11-14T17:55:24","guid":{"rendered":"https:\/\/redenjambre.com\/?page_id=111"},"modified":"2023-11-14T20:43:00","modified_gmt":"2023-11-14T19:43:00","slug":"asociacion-de-productores-agroecologicos-spg-narino","status":"publish","type":"page","link":"https:\/\/redenjambre.com\/index.php\/asociacion-de-productores-agroecologicos-spg-narino\/","title":{"rendered":"Asociaci\u00f3n de Productores Agroecol\u00f3gicos SPG"},"content":{"rendered":"\n<figure class=\"wp-block-image aligncenter size-full\"><img fetchpriority=\"high\" decoding=\"async\" width=\"419\" height=\"471\" src=\"https:\/\/redenjambre.com\/wp-content\/uploads\/2023\/11\/SPG.png\" alt=\"\" class=\"wp-image-112\" srcset=\"https:\/\/redenjambre.com\/wp-content\/uploads\/2023\/11\/SPG.png 419w, https:\/\/redenjambre.com\/wp-content\/uploads\/2023\/11\/SPG-267x300.png 267w\" sizes=\"(max-width: 419px) 100vw, 419px\" \/><\/figure>\n\n\n\n<p><strong>Asociaci\u00f3n de Productores Agroecol\u00f3gicos SPG (Nari\u00f1o)<\/strong><\/p>\n\n\n\n<p>N\u00famero de participantes: 30 familias<\/p>\n\n\n\n<p><strong>Descripci\u00f3n del proceso de la organizaci\u00f3n:<\/strong><\/p>\n\n\n\n<p>Somos una asociaci\u00f3n conformada por 30 familias campesinas, ubicadas en los municipios en la circunvalar al volc\u00e1n Galeras (Consac\u00e1, Yacuanquer, Sandon\u00e1, La Florida y Ancuya), trabajamos alrededor de un Sistema Participativo de Garant\u00eda (SPG) comunitario, como un instrumento de certificaci\u00f3n de confianza para los productos agroecol\u00f3gicos, que impulsa la conexi\u00f3n directa con los consumidores y la asociatividad de las distintas familias, este SPG nos permite tener distintos canales de comercializaci\u00f3n, como las Ecotiendas locales, los mercaditos locales y un proceso denominado<strong> \u201cCanastas Verdes\u201d<\/strong> como un espacio para el encuentro, el consumo responsable y el comercio justo en Pasto, en el cual nos acercamos a un colectivo de consumo solidario en una relaci\u00f3n directa de intercambio de productos y servicios a trav\u00e9s de la entrega de una canasta verde mensual con productos org\u00e1nicos, los productos de la canasta verde son acordados entre el colectivo de consumo y la asociaci\u00f3n de productores SPG, las entregas se realizan mensualmente, durante todo el a\u00f1o, el primer s\u00e1bado de cada mes, en la Fundaci\u00f3n Suyusama, la oferta de cada mes se recepciona con anticipaci\u00f3n v\u00eda whatsapp, para que los consumidores puedan realizar sus pedidos personalizados, se cuenta con m\u00e1s de 20 productos en fresco, transformados, bio abonos org\u00e1nicos, gastronom\u00eda tradicional e impulso de agroecoturismo, dado que con el colectivo de consumo se realizan giras a las fincas productoras, talleres y encuentros para fortalecer el v\u00ednculo entre productores y consumidores, para la entrega se cuenta con una bolsa de mercado reutilizable, la cual se reintegra por parte del consumidor(a) posterior a la entrega.<\/p>\n\n\n\n<figure class=\"wp-block-gallery aligncenter has-nested-images columns-3 is-cropped wp-block-gallery-1 is-layout-flex wp-block-gallery-is-layout-flex\">\n<figure class=\"wp-block-image size-large\"><img decoding=\"async\" width=\"768\" height=\"1024\" data-id=\"145\" src=\"https:\/\/redenjambre.com\/wp-content\/uploads\/2023\/11\/WhatsApp-Image-2023-11-14-at-10.20.11-768x1024.jpeg\" alt=\"\" class=\"wp-image-145\" srcset=\"https:\/\/redenjambre.com\/wp-content\/uploads\/2023\/11\/WhatsApp-Image-2023-11-14-at-10.20.11-768x1024.jpeg 768w, https:\/\/redenjambre.com\/wp-content\/uploads\/2023\/11\/WhatsApp-Image-2023-11-14-at-10.20.11-225x300.jpeg 225w, https:\/\/redenjambre.com\/wp-content\/uploads\/2023\/11\/WhatsApp-Image-2023-11-14-at-10.20.11-1152x1536.jpeg 1152w, https:\/\/redenjambre.com\/wp-content\/uploads\/2023\/11\/WhatsApp-Image-2023-11-14-at-10.20.11-600x800.jpeg 600w, https:\/\/redenjambre.com\/wp-content\/uploads\/2023\/11\/WhatsApp-Image-2023-11-14-at-10.20.11.jpeg 1200w\" sizes=\"(max-width: 768px) 100vw, 768px\" \/><\/figure>\n\n\n\n<figure class=\"wp-block-image size-large\"><img decoding=\"async\" width=\"1024\" height=\"697\" data-id=\"148\" src=\"https:\/\/redenjambre.com\/wp-content\/uploads\/2023\/11\/WhatsApp-Image-2023-11-14-at-10.20.11-1-1024x697.jpeg\" alt=\"\" class=\"wp-image-148\" srcset=\"https:\/\/redenjambre.com\/wp-content\/uploads\/2023\/11\/WhatsApp-Image-2023-11-14-at-10.20.11-1-1024x697.jpeg 1024w, https:\/\/redenjambre.com\/wp-content\/uploads\/2023\/11\/WhatsApp-Image-2023-11-14-at-10.20.11-1-300x204.jpeg 300w, https:\/\/redenjambre.com\/wp-content\/uploads\/2023\/11\/WhatsApp-Image-2023-11-14-at-10.20.11-1-768x523.jpeg 768w, https:\/\/redenjambre.com\/wp-content\/uploads\/2023\/11\/WhatsApp-Image-2023-11-14-at-10.20.11-1-600x409.jpeg 600w, https:\/\/redenjambre.com\/wp-content\/uploads\/2023\/11\/WhatsApp-Image-2023-11-14-at-10.20.11-1-1200x817.jpeg 1200w, https:\/\/redenjambre.com\/wp-content\/uploads\/2023\/11\/WhatsApp-Image-2023-11-14-at-10.20.11-1.jpeg 1232w\" sizes=\"(max-width: 1024px) 100vw, 1024px\" \/><\/figure>\n\n\n\n<figure class=\"wp-block-image size-large\"><img loading=\"lazy\" decoding=\"async\" width=\"1024\" height=\"743\" data-id=\"144\" src=\"https:\/\/redenjambre.com\/wp-content\/uploads\/2023\/11\/WhatsApp-Image-2023-11-14-at-10.20.12-1024x743.jpeg\" alt=\"\" class=\"wp-image-144\" srcset=\"https:\/\/redenjambre.com\/wp-content\/uploads\/2023\/11\/WhatsApp-Image-2023-11-14-at-10.20.12-1024x743.jpeg 1024w, https:\/\/redenjambre.com\/wp-content\/uploads\/2023\/11\/WhatsApp-Image-2023-11-14-at-10.20.12-300x218.jpeg 300w, https:\/\/redenjambre.com\/wp-content\/uploads\/2023\/11\/WhatsApp-Image-2023-11-14-at-10.20.12-768x557.jpeg 768w, https:\/\/redenjambre.com\/wp-content\/uploads\/2023\/11\/WhatsApp-Image-2023-11-14-at-10.20.12-600x435.jpeg 600w, https:\/\/redenjambre.com\/wp-content\/uploads\/2023\/11\/WhatsApp-Image-2023-11-14-at-10.20.12.jpeg 1082w\" sizes=\"(max-width: 1024px) 100vw, 1024px\" \/><\/figure>\n\n\n\n<figure class=\"wp-block-image size-large\"><img loading=\"lazy\" decoding=\"async\" width=\"1024\" height=\"768\" data-id=\"146\" src=\"https:\/\/redenjambre.com\/wp-content\/uploads\/2023\/11\/WhatsApp-Image-2023-11-14-at-10.20.13.jpeg\" alt=\"\" class=\"wp-image-146\" srcset=\"https:\/\/redenjambre.com\/wp-content\/uploads\/2023\/11\/WhatsApp-Image-2023-11-14-at-10.20.13.jpeg 1024w, https:\/\/redenjambre.com\/wp-content\/uploads\/2023\/11\/WhatsApp-Image-2023-11-14-at-10.20.13-300x225.jpeg 300w, https:\/\/redenjambre.com\/wp-content\/uploads\/2023\/11\/WhatsApp-Image-2023-11-14-at-10.20.13-768x576.jpeg 768w, https:\/\/redenjambre.com\/wp-content\/uploads\/2023\/11\/WhatsApp-Image-2023-11-14-at-10.20.13-600x450.jpeg 600w\" sizes=\"(max-width: 1024px) 100vw, 1024px\" \/><\/figure>\n\n\n\n<figure class=\"wp-block-image size-large\"><img loading=\"lazy\" decoding=\"async\" width=\"1024\" height=\"768\" data-id=\"147\" src=\"https:\/\/redenjambre.com\/wp-content\/uploads\/2023\/11\/WhatsApp-Image-2023-11-14-at-10.20.13-1.jpeg\" alt=\"\" class=\"wp-image-147\" srcset=\"https:\/\/redenjambre.com\/wp-content\/uploads\/2023\/11\/WhatsApp-Image-2023-11-14-at-10.20.13-1.jpeg 1024w, https:\/\/redenjambre.com\/wp-content\/uploads\/2023\/11\/WhatsApp-Image-2023-11-14-at-10.20.13-1-300x225.jpeg 300w, https:\/\/redenjambre.com\/wp-content\/uploads\/2023\/11\/WhatsApp-Image-2023-11-14-at-10.20.13-1-768x576.jpeg 768w, https:\/\/redenjambre.com\/wp-content\/uploads\/2023\/11\/WhatsApp-Image-2023-11-14-at-10.20.13-1-600x450.jpeg 600w\" sizes=\"(max-width: 1024px) 100vw, 1024px\" \/><\/figure>\n<\/figure>\n","protected":false},"excerpt":{"rendered":"<p>Asociaci\u00f3n de Productores Agroecol\u00f3gicos SPG (Nari\u00f1o) N\u00famero de participantes: 30 familias Descripci\u00f3n del proceso de la organizaci\u00f3n: Somos una asociaci\u00f3n conformada por 30 familias campesinas, ubicadas en los municipios en la circunvalar al volc\u00e1n Galeras (Consac\u00e1, Yacuanquer, Sandon\u00e1, La Florida y Ancuya), trabajamos alrededor de un Sistema Participativo de Garant\u00eda (SPG) comunitario, como un instrumento &hellip; <\/p>\n<p class=\"link-more\"><a href=\"https:\/\/redenjambre.com\/index.php\/asociacion-de-productores-agroecologicos-spg-narino\/\" class=\"more-link\">Leer m\u00e1s<span class=\"screen-reader-text\"> \u00abAsociaci\u00f3n de Productores Agroecol\u00f3gicos SPG\u00bb<\/span><\/a><\/p>\n","protected":false},"author":1,"featured_media":0,"parent":0,"menu_order":0,"comment_status":"closed","ping_status":"closed","template":"","meta":{"footnotes":""},"jetpack_sharing_enabled":true,"featured_media_urls":[],"_links":{"self":[{"href":"https:\/\/redenjambre.com\/index.php\/wp-json\/wp\/v2\/pages\/111"}],"collection":[{"href":"https:\/\/redenjambre.com\/index.php\/wp-json\/wp\/v2\/pages"}],"about":[{"href":"https:\/\/redenjambre.com\/index.php\/wp-json\/wp\/v2\/types\/page"}],"author":[{"embeddable":true,"href":"https:\/\/redenjambre.com\/index.php\/wp-json\/wp\/v2\/users\/1"}],"replies":[{"embeddable":true,"href":"https:\/\/redenjambre.com\/index.php\/wp-json\/wp\/v2\/comments?post=111"}],"version-history":[{"count":3,"href":"https:\/\/redenjambre.com\/index.php\/wp-json\/wp\/v2\/pages\/111\/revisions"}],"predecessor-version":[{"id":200,"href":"https:\/\/redenjambre.com\/index.php\/wp-json\/wp\/v2\/pages\/111\/revisions\/200"}],"wp:attachment":[{"href":"https:\/\/redenjambre.com\/index.php\/wp-json\/wp\/v2\/media?parent=111"}],"curies":[{"name":"wp","href":"https:\/\/api.w.org\/{rel}","templated":true}]}}