{"id":1106,"date":"2025-08-18T19:44:56","date_gmt":"2025-08-18T17:44:56","guid":{"rendered":"https:\/\/redenjambre.com\/?page_id=1106"},"modified":"2025-08-18T22:24:37","modified_gmt":"2025-08-18T20:24:37","slug":"vista-hermosa","status":"publish","type":"page","link":"https:\/\/redenjambre.com\/index.php\/vista-hermosa\/","title":{"rendered":"Vista Hermosa"},"content":{"rendered":"\t\t<div data-elementor-type=\"wp-page\" data-elementor-id=\"1106\" class=\"elementor elementor-1106\">\n\t\t\t\t\t\t<section class=\"elementor-section elementor-top-section elementor-element elementor-element-4bcf7ab elementor-section-boxed elementor-section-height-default elementor-section-height-default\" data-id=\"4bcf7ab\" data-element_type=\"section\">\n\t\t\t\t\t\t<div class=\"elementor-container elementor-column-gap-default\">\n\t\t\t\t\t<div class=\"elementor-column elementor-col-100 elementor-top-column elementor-element elementor-element-c669023\" data-id=\"c669023\" data-element_type=\"column\">\n\t\t\t<div class=\"elementor-widget-wrap elementor-element-populated\">\n\t\t\t\t\t\t<div class=\"elementor-element elementor-element-ff2aee6 elementor-widget elementor-widget-html\" data-id=\"ff2aee6\" data-element_type=\"widget\" data-widget_type=\"html.default\">\n\t\t\t\t<div class=\"elementor-widget-container\">\n\t\t\t<style>\r\n  .titulo-seccion {\r\n    color: #000; \/* t\u00edtulos en negro *\/\r\n    border-left: 4px solid #2e5d34;\r\n    padding-left: 8px;\r\n    margin-bottom: 10px;\r\n  }\r\n  .foto-actividad {\r\n    max-width: 100%;\r\n    height: auto;\r\n    border-radius: 8px;\r\n    border: 3px solid #2e5d34;\r\n  }\r\n  .texto-negro {\r\n    color: #000; \/* texto en negro *\/\r\n  }\r\n\r\n  \/* Galer\u00eda 2x2 (ahora con m\u00e1s filas) *\/\r\n  .galeria-2x2 {\r\n    display: grid;\r\n    grid-template-columns: repeat(2, 1fr);\r\n    gap: 12px;\r\n  }\r\n  .galeria-2x2 img {\r\n    width: 100%;\r\n    height: 180px;           \/* altura uniforme *\/\r\n    object-fit: cover;       \/* recorte agradable para encajar *\/\r\n    border-radius: 8px;\r\n    border: 3px solid #2e5d34;\r\n    display: block;\r\n  }\r\n\r\n  \/* Peque\u00f1a mejora responsive *\/\r\n  @media (max-width: 600px) {\r\n    .galeria-2x2 {\r\n      grid-template-columns: 1fr 1fr; \/* mantiene 2 columnas en m\u00f3vil *\/\r\n      gap: 10px;\r\n    }\r\n    .galeria-2x2 img {\r\n      height: 150px;\r\n    }\r\n  }\r\n<\/style>\r\n\r\n<!-- \u00bfQui\u00e9nes Somos? -->\r\n<div style=\"display: flex; flex-wrap: wrap; gap: 20px; align-items: flex-start; margin-bottom: 30px;\">\r\n\r\n  <!-- Texto -->\r\n  <div class=\"texto-negro\" style=\"flex: 1; min-width: 280px; text-align: justify;\">\r\n    <h3 class=\"titulo-seccion\">\u00bfQui\u00e9nes Somos?<\/h3>\r\n    Vista Hermosa est\u00e1 ubicada en la vereda de La Pradera Alta, perteneciente al municipio de La Uni\u00f3n, Nari\u00f1o. Se encuentra a solo 10 minutos de la cabecera y cuenta con un acceso f\u00e1cil. Sus propietarios, Don Segundo Bravo y Do\u00f1a Nubia Fl\u00f3rez, decidieron, tras la pandemia, remodelar la finca para convertirla en un agradable mirador. Su idea era que las personas de la vereda pudieran acudir a disfrutar del hermoso paisaje y de la buena gastronom\u00eda, y as\u00ed fue. Actualmente la finca ofrece hospedaje a cualquier persona que quiera visitarla, y cuenta con una amplia variedad de prestaciones.\r\n  <\/div>\r\n\r\n  <!-- Foto superior (derecha) -->\r\n  <div style=\"flex: 1; min-width: 280px; text-align: center;\">\r\n    <img decoding=\"async\" class=\"foto-actividad\" src=\"https:\/\/redenjambre.com\/wp-content\/uploads\/2025\/08\/1755275397116-scaled.jpg\" alt=\"Foto de la finca Vista Hermosa\" \/>\r\n  <\/div>\r\n<\/div>\r\n\r\n<!-- Actividades -->\r\n<div style=\"display: flex; flex-wrap: wrap; gap: 20px; align-items: flex-start;\">\r\n\r\n  <!-- Texto -->\r\n  <div class=\"texto-negro\" style=\"flex: 1; min-width: 280px; text-align: justify;\">\r\n    <h3 class=\"titulo-seccion\"><strong>Actividades<\/strong><\/h3>\r\n    <h3 style=\"font-size: 1.1em; color: #000;\">Tour sobre el caf\u00e9<\/h3>\r\n    Conoce el proceso del caf\u00e9 desde los cafetales hasta el proceso de secado.\r\n    <h3 style=\"font-size: 1.1em; color: #000;\">Senderismo<\/h3>\r\n    Visita y recorre el cerro del que se obtiene el agua, admirando los distintos reservorios y llegando hasta la curiosa piedra situada en la cima.\r\n    <h3 style=\"font-size: 1.1em; color: #000;\">Servicio de piscina<\/h3>\r\n    La finca cuenta con una piscina grande y otra peque\u00f1a. \u00a1Disfruta al completo de ambas!\r\n    <h3 style=\"font-size: 1.1em; color: #000;\">\u00c1reas de relajaci\u00f3n y desconexi\u00f3n<\/h3>\r\n    Descansa en las m\u00faltiples \u00e1reas habilitadas para ello: hamacas, mallas, columpios, miradores...\r\n  <\/div>\r\n\r\n  <!-- Galer\u00eda a la derecha -->\r\n  <div style=\"flex: 1; min-width: 280px;\">\r\n    <div class=\"galeria-2x2\">\r\n      <!-- Fila 1 -->\r\n      <img decoding=\"async\" src=\"https:\/\/redenjambre.com\/wp-content\/uploads\/2025\/08\/1755276046082-scaled.jpg\" alt=\"Vista Hermosa - Actividad 1\" \/>\r\n      <img decoding=\"async\" src=\"https:\/\/redenjambre.com\/wp-content\/uploads\/2025\/08\/1755275485375-scaled.jpg\" alt=\"Vista Hermosa - Actividad 2\" \/>\r\n      <!-- Fila 2 -->\r\n      <img decoding=\"async\" src=\"https:\/\/redenjambre.com\/wp-content\/uploads\/2025\/08\/1755275485368-scaled.jpg\" alt=\"Vista Hermosa - Actividad 3\" \/>\r\n      <img decoding=\"async\" src=\"https:\/\/redenjambre.com\/wp-content\/uploads\/2025\/08\/1755275485381-scaled.jpg\" alt=\"Vista Hermosa - Actividad 4\" \/>\r\n      <!-- Fila 3 (nuevas fotos) -->\r\n      <img decoding=\"async\" src=\"https:\/\/redenjambre.com\/wp-content\/uploads\/2025\/08\/1755275485362-scaled.jpg\" alt=\"Vista Hermosa - Actividad 5\" \/>\r\n      <img decoding=\"async\" src=\"https:\/\/redenjambre.com\/wp-content\/uploads\/2025\/08\/1755276603786-scaled.jpg\" alt=\"Vista Hermosa - Actividad 6\" \/>\r\n    <\/div>\r\n  <\/div>\r\n<\/div>\r\n\r\n<!-- \u00bfQuieres saber m\u00e1s? -->\r\n<div class=\"texto-negro\" style=\"margin-top: 30px; text-align: justify;\">\r\n  <h3 class=\"titulo-seccion\">\u00bfQuieres saber m\u00e1s?<\/h3>\r\n  Para m\u00e1s informaci\u00f3n sobre nuestras actividades, reservas o visitas, no dudes en ponerte en contacto con nosotros.\r\n  Estaremos encantados de atenderte y ayudarte a planificar tu experiencia en la finca.\r\n<\/div>\r\n\r\n   \t\t<\/div>\n\t\t\t\t<\/div>\n\t\t\t\t<div class=\"elementor-element elementor-element-91664cf elementor-widget elementor-widget-html\" data-id=\"91664cf\" data-element_type=\"widget\" data-widget_type=\"html.default\">\n\t\t\t\t<div class=\"elementor-widget-container\">\n\t\t\t<!-- Cargar Font Awesome si no est\u00e1 ya activo en tu tema -->\r\n<link rel=\"stylesheet\" href=\"https:\/\/cdnjs.cloudflare.com\/ajax\/libs\/font-awesome\/6.4.2\/css\/all.min.css\">\r\n\r\n<div style=\"background-color: #f9f9f9; padding: 20px; border-radius: 8px;\">\r\n  <h3 style=\"color: #2e5d34; margin-bottom: 15px;\">Contacto<\/h3>\r\n  <p style=\"margin-bottom: 15px; text-align: justify;\">\r\n\r\n  <\/p>\r\n\r\n  <p style=\"margin-bottom: 10px;\">\r\n  <i class=\"fas fa-phone\" style=\"color: #2e5d34; margin-right: 8px; transform: none !important;\"><\/i>\r\n  <strong>Tel\u00e9fono:<\/strong> +57 310 520 43 81 (Segundo Bravo)\r\n<\/p>\r\n\r\n  <p style=\"margin-bottom: 10px;\">\r\n    <i class=\"fas fa-envelope\" style=\"color: #2e5d34; margin-right: 8px;\"><\/i>\r\n    <strong>Email:<\/strong> contacto@redenjambre.com\r\n  <\/p>\r\n\r\n  <p style=\"margin-bottom: 10px;\">\r\n    <i class=\"fas fa-map-marker-alt\" style=\"color: #2e5d34; margin-right: 8px;\"><\/i>\r\n    <strong>Ubicaci\u00f3n:<\/strong> Corregimiento San Gerardo, San Lorenzo, Nari\u00f1o\r\n  <\/p>\r\n\r\n  <p style=\"margin-top: 15px;\">\r\n   \t\t<\/div>\n\t\t\t\t<\/div>\n\t\t\t\t\t<\/div>\n\t\t<\/div>\n\t\t\t\t\t<\/div>\n\t\t<\/section>\n\t\t\t\t<\/div>\n\t\t","protected":false},"excerpt":{"rendered":"<p>\u00bfQui\u00e9nes Somos? Vista Hermosa est\u00e1 ubicada en la vereda de La Pradera Alta, perteneciente al municipio de La Uni\u00f3n, Nari\u00f1o. Se encuentra a solo 10 minutos de la cabecera y cuenta con un acceso f\u00e1cil. Sus propietarios, Don Segundo Bravo y Do\u00f1a Nubia Fl\u00f3rez, decidieron, tras la pandemia, remodelar la finca para convertirla en un &hellip; <\/p>\n<p class=\"link-more\"><a href=\"https:\/\/redenjambre.com\/index.php\/vista-hermosa\/\" class=\"more-link\">Leer m\u00e1s<span class=\"screen-reader-text\"> \u00abVista Hermosa\u00bb<\/span><\/a><\/p>\n","protected":false},"author":1,"featured_media":0,"parent":0,"menu_order":0,"comment_status":"closed","ping_status":"closed","template":"","meta":{"footnotes":""},"jetpack_sharing_enabled":true,"featured_media_urls":[],"_links":{"self":[{"href":"https:\/\/redenjambre.com\/index.php\/wp-json\/wp\/v2\/pages\/1106"}],"collection":[{"href":"https:\/\/redenjambre.com\/index.php\/wp-json\/wp\/v2\/pages"}],"about":[{"href":"https:\/\/redenjambre.com\/index.php\/wp-json\/wp\/v2\/types\/page"}],"author":[{"embeddable":true,"href":"https:\/\/redenjambre.com\/index.php\/wp-json\/wp\/v2\/users\/1"}],"replies":[{"embeddable":true,"href":"https:\/\/redenjambre.com\/index.php\/wp-json\/wp\/v2\/comments?post=1106"}],"version-history":[{"count":36,"href":"https:\/\/redenjambre.com\/index.php\/wp-json\/wp\/v2\/pages\/1106\/revisions"}],"predecessor-version":[{"id":1290,"href":"https:\/\/redenjambre.com\/index.php\/wp-json\/wp\/v2\/pages\/1106\/revisions\/1290"}],"wp:attachment":[{"href":"https:\/\/redenjambre.com\/index.php\/wp-json\/wp\/v2\/media?parent=1106"}],"curies":[{"name":"wp","href":"https:\/\/api.w.org\/{rel}","templated":true}]}}