{"id":107,"date":"2023-11-14T18:53:59","date_gmt":"2023-11-14T17:53:59","guid":{"rendered":"https:\/\/redenjambre.com\/?page_id=107"},"modified":"2023-11-14T20:43:34","modified_gmt":"2023-11-14T19:43:34","slug":"mercatrueke-de-fundacion-cuando-el-genero-suena-pasto","status":"publish","type":"page","link":"https:\/\/redenjambre.com\/index.php\/mercatrueke-de-fundacion-cuando-el-genero-suena-pasto\/","title":{"rendered":"MERCATRUEKE"},"content":{"rendered":"\n<figure class=\"wp-block-image aligncenter size-full is-resized\"><img fetchpriority=\"high\" decoding=\"async\" width=\"887\" height=\"550\" src=\"https:\/\/redenjambre.com\/wp-content\/uploads\/2023\/11\/mercatrueke.png\" alt=\"\" class=\"wp-image-108\" style=\"aspect-ratio:1.6127272727272728;width:486px;height:auto\" srcset=\"https:\/\/redenjambre.com\/wp-content\/uploads\/2023\/11\/mercatrueke.png 887w, https:\/\/redenjambre.com\/wp-content\/uploads\/2023\/11\/mercatrueke-300x186.png 300w, https:\/\/redenjambre.com\/wp-content\/uploads\/2023\/11\/mercatrueke-768x476.png 768w, https:\/\/redenjambre.com\/wp-content\/uploads\/2023\/11\/mercatrueke-600x372.png 600w\" sizes=\"(max-width: 887px) 100vw, 887px\" \/><\/figure>\n\n\n\n<p><strong>MERCATRUEKE de Fundaci\u00f3n <em>Cuando el g\u00e9nero suena<\/em><\/strong><\/p>\n\n\n\n<p>N\u00famero de participantes: 2 familias<\/p>\n\n\n\n<p>Mercatrueke es una plataforma colaborativa, donde el trueque como pr\u00e1ctica ancestral y cultural, es el dinamizador de la participaci\u00f3n ciudadana, la cohesi\u00f3n social y la transformaci\u00f3n de paradigmas de consumo, de producci\u00f3n y de organizaci\u00f3n. Desde hace m\u00e1s de 5 a\u00f1os abrimos espacios de intercambio (bancos de trueque y banco de tiempo), donde una moneda social es la herramienta que nos permite generar un sistema econ\u00f3mico alternativo, es decir hacemos transacciones sin dinero. A la fecha tenemos una comunidad de m\u00e1s de 100 personas quienes cuentan con una billetera social, un \u201csaldo\u201d producto de los trueques realizados y quienes han apropiado e incluido en sus h\u00e1bitos nuestro objetivo de optimizar los recursos existentes. Nuestro slogan \u201cno es tener es usar\u201d da cuenta de c\u00f3mo este sistema se basa en lo que tenemos y no usamos o sub-utilizamos (bienes y servicios) y se transforma en una herramienta de acceso, es decir que esta moneda social est\u00e1 basada la confianza y el v\u00ednculo.&nbsp;<\/p>\n\n\n\n<p><em>Enlaces:<\/em><\/p>\n\n\n\n<p>Facebook: <a href=\"https:\/\/www.facebook.com\/Mercatrueke\/\">https:\/\/www.facebook.com\/Mercatrueke\/<\/a><\/p>\n\n\n\n<figure class=\"wp-block-gallery aligncenter has-nested-images columns-default is-cropped wp-block-gallery-1 is-layout-flex wp-block-gallery-is-layout-flex\">\n<figure class=\"wp-block-image size-large\"><img decoding=\"async\" width=\"1024\" height=\"682\" data-id=\"170\" src=\"https:\/\/redenjambre.com\/wp-content\/uploads\/2023\/11\/Comunidad-MKT-1024x682.jpeg\" alt=\"\" class=\"wp-image-170\" srcset=\"https:\/\/redenjambre.com\/wp-content\/uploads\/2023\/11\/Comunidad-MKT-1024x682.jpeg 1024w, https:\/\/redenjambre.com\/wp-content\/uploads\/2023\/11\/Comunidad-MKT-300x200.jpeg 300w, https:\/\/redenjambre.com\/wp-content\/uploads\/2023\/11\/Comunidad-MKT-768x512.jpeg 768w, https:\/\/redenjambre.com\/wp-content\/uploads\/2023\/11\/Comunidad-MKT-600x400.jpeg 600w, https:\/\/redenjambre.com\/wp-content\/uploads\/2023\/11\/Comunidad-MKT-1200x800.jpeg 1200w, https:\/\/redenjambre.com\/wp-content\/uploads\/2023\/11\/Comunidad-MKT.jpeg 1280w\" sizes=\"(max-width: 1024px) 100vw, 1024px\" \/><\/figure>\n\n\n\n<figure class=\"wp-block-image size-large\"><img decoding=\"async\" width=\"1024\" height=\"684\" data-id=\"172\" src=\"https:\/\/redenjambre.com\/wp-content\/uploads\/2023\/11\/MKT-00-1024x684.jpg\" alt=\"\" class=\"wp-image-172\" srcset=\"https:\/\/redenjambre.com\/wp-content\/uploads\/2023\/11\/MKT-00-1024x684.jpg 1024w, https:\/\/redenjambre.com\/wp-content\/uploads\/2023\/11\/MKT-00-300x201.jpg 300w, https:\/\/redenjambre.com\/wp-content\/uploads\/2023\/11\/MKT-00-768x513.jpg 768w, https:\/\/redenjambre.com\/wp-content\/uploads\/2023\/11\/MKT-00-1536x1027.jpg 1536w, https:\/\/redenjambre.com\/wp-content\/uploads\/2023\/11\/MKT-00-2048x1369.jpg 2048w, https:\/\/redenjambre.com\/wp-content\/uploads\/2023\/11\/MKT-00-2000x1337.jpg 2000w, https:\/\/redenjambre.com\/wp-content\/uploads\/2023\/11\/MKT-00-600x401.jpg 600w, https:\/\/redenjambre.com\/wp-content\/uploads\/2023\/11\/MKT-00-1200x802.jpg 1200w\" sizes=\"(max-width: 1024px) 100vw, 1024px\" \/><\/figure>\n\n\n\n<figure class=\"wp-block-image size-large\"><img loading=\"lazy\" decoding=\"async\" width=\"1024\" height=\"684\" data-id=\"171\" src=\"https:\/\/redenjambre.com\/wp-content\/uploads\/2023\/11\/MKT-Banco-de-Tiempo-1024x684.jpg\" alt=\"\" class=\"wp-image-171\" srcset=\"https:\/\/redenjambre.com\/wp-content\/uploads\/2023\/11\/MKT-Banco-de-Tiempo-1024x684.jpg 1024w, https:\/\/redenjambre.com\/wp-content\/uploads\/2023\/11\/MKT-Banco-de-Tiempo-300x201.jpg 300w, https:\/\/redenjambre.com\/wp-content\/uploads\/2023\/11\/MKT-Banco-de-Tiempo-768x513.jpg 768w, https:\/\/redenjambre.com\/wp-content\/uploads\/2023\/11\/MKT-Banco-de-Tiempo-1536x1027.jpg 1536w, https:\/\/redenjambre.com\/wp-content\/uploads\/2023\/11\/MKT-Banco-de-Tiempo-2048x1369.jpg 2048w, https:\/\/redenjambre.com\/wp-content\/uploads\/2023\/11\/MKT-Banco-de-Tiempo-2000x1337.jpg 2000w, https:\/\/redenjambre.com\/wp-content\/uploads\/2023\/11\/MKT-Banco-de-Tiempo-600x401.jpg 600w, https:\/\/redenjambre.com\/wp-content\/uploads\/2023\/11\/MKT-Banco-de-Tiempo-1200x802.jpg 1200w\" sizes=\"(max-width: 1024px) 100vw, 1024px\" \/><\/figure>\n\n\n\n<figure class=\"wp-block-image size-large\"><img loading=\"lazy\" decoding=\"async\" width=\"1024\" height=\"682\" data-id=\"169\" src=\"https:\/\/redenjambre.com\/wp-content\/uploads\/2023\/11\/MKT-Espacio-Familiar-1024x682.jpeg\" alt=\"\" class=\"wp-image-169\" srcset=\"https:\/\/redenjambre.com\/wp-content\/uploads\/2023\/11\/MKT-Espacio-Familiar-1024x682.jpeg 1024w, https:\/\/redenjambre.com\/wp-content\/uploads\/2023\/11\/MKT-Espacio-Familiar-300x200.jpeg 300w, https:\/\/redenjambre.com\/wp-content\/uploads\/2023\/11\/MKT-Espacio-Familiar-768x512.jpeg 768w, https:\/\/redenjambre.com\/wp-content\/uploads\/2023\/11\/MKT-Espacio-Familiar-600x400.jpeg 600w, https:\/\/redenjambre.com\/wp-content\/uploads\/2023\/11\/MKT-Espacio-Familiar-1200x800.jpeg 1200w, https:\/\/redenjambre.com\/wp-content\/uploads\/2023\/11\/MKT-Espacio-Familiar.jpeg 1280w\" sizes=\"(max-width: 1024px) 100vw, 1024px\" \/><\/figure>\n\n\n\n<figure class=\"wp-block-image size-large\"><img loading=\"lazy\" decoding=\"async\" width=\"1024\" height=\"684\" data-id=\"173\" src=\"https:\/\/redenjambre.com\/wp-content\/uploads\/2023\/11\/PAME-ANGE-MKT-1024x684.jpg\" alt=\"\" class=\"wp-image-173\" srcset=\"https:\/\/redenjambre.com\/wp-content\/uploads\/2023\/11\/PAME-ANGE-MKT-1024x684.jpg 1024w, https:\/\/redenjambre.com\/wp-content\/uploads\/2023\/11\/PAME-ANGE-MKT-300x201.jpg 300w, https:\/\/redenjambre.com\/wp-content\/uploads\/2023\/11\/PAME-ANGE-MKT-768x513.jpg 768w, https:\/\/redenjambre.com\/wp-content\/uploads\/2023\/11\/PAME-ANGE-MKT-1536x1027.jpg 1536w, https:\/\/redenjambre.com\/wp-content\/uploads\/2023\/11\/PAME-ANGE-MKT-2048x1369.jpg 2048w, https:\/\/redenjambre.com\/wp-content\/uploads\/2023\/11\/PAME-ANGE-MKT-2000x1337.jpg 2000w, https:\/\/redenjambre.com\/wp-content\/uploads\/2023\/11\/PAME-ANGE-MKT-600x401.jpg 600w, https:\/\/redenjambre.com\/wp-content\/uploads\/2023\/11\/PAME-ANGE-MKT-1200x802.jpg 1200w\" sizes=\"(max-width: 1024px) 100vw, 1024px\" \/><\/figure>\n<\/figure>\n","protected":false},"excerpt":{"rendered":"<p>MERCATRUEKE de Fundaci\u00f3n Cuando el g\u00e9nero suena N\u00famero de participantes: 2 familias Mercatrueke es una plataforma colaborativa, donde el trueque como pr\u00e1ctica ancestral y cultural, es el dinamizador de la participaci\u00f3n ciudadana, la cohesi\u00f3n social y la transformaci\u00f3n de paradigmas de consumo, de producci\u00f3n y de organizaci\u00f3n. Desde hace m\u00e1s de 5 a\u00f1os abrimos espacios &hellip; <\/p>\n<p class=\"link-more\"><a href=\"https:\/\/redenjambre.com\/index.php\/mercatrueke-de-fundacion-cuando-el-genero-suena-pasto\/\" class=\"more-link\">Leer m\u00e1s<span class=\"screen-reader-text\"> \u00abMERCATRUEKE\u00bb<\/span><\/a><\/p>\n","protected":false},"author":1,"featured_media":0,"parent":0,"menu_order":0,"comment_status":"closed","ping_status":"closed","template":"","meta":{"footnotes":""},"jetpack_sharing_enabled":true,"featured_media_urls":[],"_links":{"self":[{"href":"https:\/\/redenjambre.com\/index.php\/wp-json\/wp\/v2\/pages\/107"}],"collection":[{"href":"https:\/\/redenjambre.com\/index.php\/wp-json\/wp\/v2\/pages"}],"about":[{"href":"https:\/\/redenjambre.com\/index.php\/wp-json\/wp\/v2\/types\/page"}],"author":[{"embeddable":true,"href":"https:\/\/redenjambre.com\/index.php\/wp-json\/wp\/v2\/users\/1"}],"replies":[{"embeddable":true,"href":"https:\/\/redenjambre.com\/index.php\/wp-json\/wp\/v2\/comments?post=107"}],"version-history":[{"count":4,"href":"https:\/\/redenjambre.com\/index.php\/wp-json\/wp\/v2\/pages\/107\/revisions"}],"predecessor-version":[{"id":202,"href":"https:\/\/redenjambre.com\/index.php\/wp-json\/wp\/v2\/pages\/107\/revisions\/202"}],"wp:attachment":[{"href":"https:\/\/redenjambre.com\/index.php\/wp-json\/wp\/v2\/media?parent=107"}],"curies":[{"name":"wp","href":"https:\/\/api.w.org\/{rel}","templated":true}]}}