{"id":1031,"date":"2025-08-18T19:37:14","date_gmt":"2025-08-18T17:37:14","guid":{"rendered":"https:\/\/redenjambre.com\/?page_id=1031"},"modified":"2025-08-18T22:07:58","modified_gmt":"2025-08-18T20:07:58","slug":"la-chagra-santa-maria","status":"publish","type":"page","link":"https:\/\/redenjambre.com\/index.php\/la-chagra-santa-maria\/","title":{"rendered":"La Chagra Santa Mar\u00eda"},"content":{"rendered":"\t\t<div data-elementor-type=\"wp-page\" data-elementor-id=\"1031\" class=\"elementor elementor-1031\">\n\t\t\t\t\t\t<section class=\"elementor-section elementor-top-section elementor-element elementor-element-1a7b811 elementor-section-boxed elementor-section-height-default elementor-section-height-default\" data-id=\"1a7b811\" data-element_type=\"section\">\n\t\t\t\t\t\t<div class=\"elementor-container elementor-column-gap-default\">\n\t\t\t\t\t<div class=\"elementor-column elementor-col-100 elementor-top-column elementor-element elementor-element-0ba0f4b\" data-id=\"0ba0f4b\" data-element_type=\"column\">\n\t\t\t<div class=\"elementor-widget-wrap elementor-element-populated\">\n\t\t\t\t\t\t<div class=\"elementor-element elementor-element-bfa86ea elementor-widget elementor-widget-html\" data-id=\"bfa86ea\" data-element_type=\"widget\" data-widget_type=\"html.default\">\n\t\t\t\t<div class=\"elementor-widget-container\">\n\t\t\t<style>\r\n  .titulo-seccion {\r\n    color: #000; \/* T\u00edtulos en negro *\/\r\n    border-left: 4px solid #2e5d34;\r\n    padding-left: 8px;\r\n    margin-bottom: 10px;\r\n  }\r\n  .foto-actividad {\r\n    max-width: 100%;\r\n    height: auto;\r\n    border-radius: 8px;\r\n    border: 3px solid #2e5d34;\r\n    object-fit: cover;\r\n  }\r\n  .texto-negro {\r\n    color: #000; \/* Todo el texto en negro *\/\r\n  }\r\n  .galeria-2x2 {\r\n    display: grid;\r\n    grid-template-columns: repeat(2, 1fr);\r\n    gap: 12px;\r\n    margin-top: 20px;\r\n  }\r\n  .galeria-2x2 img {\r\n    width: 100%;\r\n    height: 180px;\r\n    border-radius: 8px;\r\n    border: 3px solid #2e5d34;\r\n    object-fit: cover;\r\n    display: block;\r\n  }\r\n  @media (max-width: 600px) {\r\n    .galeria-2x2 {\r\n      grid-template-columns: 1fr 1fr;\r\n      gap: 10px;\r\n      margin-top: 15px;\r\n    }\r\n    .galeria-2x2 img {\r\n      height: 150px;\r\n    }\r\n  }\r\n<\/style>\r\n\r\n<!-- \u00bfQui\u00e9nes Somos? -->\r\n<div style=\"display: flex; flex-wrap: wrap; gap: 20px; align-items: flex-start; margin-bottom: 30px;\">\r\n\r\n  <!-- Texto -->\r\n  <div class=\"texto-negro\" style=\"flex: 1; min-width: 280px; text-align: justify;\">\r\n    <h3 class=\"titulo-seccion\">\u00bfQui\u00e9nes Somos?<\/h3>\r\n    La Chagra Santa Mar\u00eda es una finca situada dentro de la vereda Matarredonda, a 15 minutos en autom\u00f3vil de la cabecera del municipio de Chachag\u00fc\u00ed. Es propiedad de Don Wilmar Almeida, miembro de la familia Almeida De La Cruz. Su origen est\u00e1 vinculado a la corriente de agua que transcurre pr\u00f3xima a la finca, a la cual los miembros de la familia acud\u00edan a recoger agua en su infancia.\r\n  <\/div>\r\n\r\n  <!-- Foto principal -->\r\n  <div style=\"flex: 1; min-width: 280px; text-align: center;\">\r\n    <img decoding=\"async\" class=\"foto-actividad\" src=\"https:\/\/redenjambre.com\/wp-content\/uploads\/2025\/08\/1755272595123.jpg\" alt=\"Foto de la finca\" \/>\r\n  <\/div>\r\n<\/div>\r\n\r\n<!-- Actividades -->\r\n<div style=\"display: flex; flex-wrap: wrap; gap: 20px; align-items: flex-start;\">\r\n\r\n  <!-- Texto -->\r\n  <div class=\"texto-negro\" style=\"flex: 1; min-width: 280px; text-align: justify;\">\r\n    <h3 class=\"titulo-seccion\"><strong>Actividades<\/strong><\/h3>\r\n    <h3 style=\"font-size: 1.1em; color: #000;\">Senderismo<\/h3>\r\n    Recorridos por senderos llenos de naturaleza y paisajes \u00fanicos.\r\n    <h3 style=\"font-size: 1.1em; color: #000;\">Tour sobre el caf\u00e9<\/h3>\r\n    Conoce el proceso del caf\u00e9 hasta la fase de secado, y deguste distintas variedades.\r\n    <h3 style=\"font-size: 1.1em; color: #000;\">Tour sobre la panela<\/h3>\r\n    Descubre c\u00f3mo la ca\u00f1a se transforma en deliciosa panela artesanal y participa en el proceso.\r\n    <h3 style=\"font-size: 1.1em; color: #000;\">Sanaci\u00f3n Espiritual<\/h3>\r\n    Espacio espiritual para reconectar y armonizar cuerpo, mente y esp\u00edritu.\r\n    <h3 style=\"font-size: 1.1em; color: #000;\">Terapia Natural de Barro<\/h3>\r\n    Ba\u00f1o de barro relajante y revitalizante para tu piel y bienestar.\r\n    <h3 style=\"font-size: 1.1em; color: #000;\">Avistamiento de Aves<\/h3>\r\n    Observa y disfruta de la gran variedad de aves que visitan nuestra finca.\r\n  <\/div>\r\n\r\n  <!-- Galer\u00eda de fotos -->\r\n  <div style=\"flex: 1; min-width: 280px;\">\r\n    <div class=\"galeria-2x2\">\r\n      <!-- Foto original debajo de la principal -->\r\n      <img decoding=\"async\" src=\"https:\/\/redenjambre.com\/wp-content\/uploads\/2025\/08\/1000145830-scaled.jpg\" alt=\"Actividad original 1\" \/>\r\n      <!-- Segunda foto original -->\r\n      <img decoding=\"async\" src=\"https:\/\/redenjambre.com\/wp-content\/uploads\/2025\/08\/1755272595131.jpg\" alt=\"Actividad original 2\" \/>\r\n      <!-- Tus nuevas fotos seg\u00fan indicaciones -->\r\n      <img decoding=\"async\" src=\"https:\/\/redenjambre.com\/wp-content\/uploads\/2025\/08\/1755298246374.jpg\" alt=\"Actividad 3\" \/>\r\n      <img decoding=\"async\" src=\"https:\/\/redenjambre.com\/wp-content\/uploads\/2025\/08\/1755298246369.jpg\" alt=\"Actividad 4\" \/>\r\n      <img decoding=\"async\" src=\"https:\/\/redenjambre.com\/wp-content\/uploads\/2025\/08\/1755298246379-scaled.jpg\" alt=\"Actividad 5\" \/>\r\n      <img decoding=\"async\" src=\"https:\/\/redenjambre.com\/wp-content\/uploads\/2025\/08\/1755298246364.jpg\" alt=\"Actividad 6\" \/>\r\n    <\/div>\r\n  <\/div>\r\n<\/div>\r\n\r\n<!-- \u00bfQuieres saber m\u00e1s? -->\r\n<div class=\"texto-negro\" style=\"margin-top: 30px; text-align: justify;\">\r\n  <h3 class=\"titulo-seccion\">\u00bfQuieres saber m\u00e1s?<\/h3>\r\n  Para m\u00e1s informaci\u00f3n sobre nuestras actividades, reservas o visitas, no dudes en ponerte en contacto con nosotros.\r\n  Estaremos encantados de atenderte y ayudarte a planificar tu experiencia en la finca.\r\n<\/div>\r\n\r\n   \t\t<\/div>\n\t\t\t\t<\/div>\n\t\t\t\t<div class=\"elementor-element elementor-element-5f470c7 elementor-widget elementor-widget-html\" data-id=\"5f470c7\" data-element_type=\"widget\" data-widget_type=\"html.default\">\n\t\t\t\t<div class=\"elementor-widget-container\">\n\t\t\t<!-- Cargar Font Awesome si no est\u00e1 ya activo en tu tema -->\r\n<link rel=\"stylesheet\" href=\"https:\/\/cdnjs.cloudflare.com\/ajax\/libs\/font-awesome\/6.4.2\/css\/all.min.css\">\r\n\r\n<div style=\"background-color: #f9f9f9; padding: 20px; border-radius: 8px;\">\r\n  <h3 style=\"color: #2e5d34; margin-bottom: 15px;\">Contacto<\/h3>\r\n  <p style=\"margin-bottom: 15px; text-align: justify;\">\r\n\r\n  <\/p>\r\n\r\n  <p style=\"margin-bottom: 10px;\">\r\n  <i class=\"fas fa-phone\" style=\"color: #2e5d34; margin-right: 8px; transform: none !important;\"><\/i>\r\n  <strong>Tel\u00e9fono:<\/strong> +57 313 790 48 52 (Wilmar Almeida de la Cruz)\r\n<\/p>\r\n\r\n  <p style=\"margin-bottom: 10px;\">\r\n    <i class=\"fas fa-envelope\" style=\"color: #2e5d34; margin-right: 8px;\"><\/i>\r\n    <strong>Email:<\/strong> contacto@redenjambre.com\r\n  <\/p>\r\n\r\n  <p style=\"margin-bottom: 10px;\">\r\n    <i class=\"fas fa-map-marker-alt\" style=\"color: #2e5d34; margin-right: 8px;\"><\/i>\r\n    <strong>Ubicaci\u00f3n:<\/strong> Vereda Matarredonda, Chachag\u00fc\u00ed, Nari\u00f1o\r\n  <\/p>\r\n\r\n  <p style=\"margin-top: 15px;\">\r\n   \t\t<\/div>\n\t\t\t\t<\/div>\n\t\t\t\t\t<\/div>\n\t\t<\/div>\n\t\t\t\t\t<\/div>\n\t\t<\/section>\n\t\t\t\t<\/div>\n\t\t","protected":false},"excerpt":{"rendered":"<p>\u00bfQui\u00e9nes Somos? La Chagra Santa Mar\u00eda es una finca situada dentro de la vereda Matarredonda, a 15 minutos en autom\u00f3vil de la cabecera del municipio de Chachag\u00fc\u00ed. Es propiedad de Don Wilmar Almeida, miembro de la familia Almeida De La Cruz. Su origen est\u00e1 vinculado a la corriente de agua que transcurre pr\u00f3xima a la &hellip; <\/p>\n<p class=\"link-more\"><a href=\"https:\/\/redenjambre.com\/index.php\/la-chagra-santa-maria\/\" class=\"more-link\">Leer m\u00e1s<span class=\"screen-reader-text\"> \u00abLa Chagra Santa Mar\u00eda\u00bb<\/span><\/a><\/p>\n","protected":false},"author":1,"featured_media":0,"parent":0,"menu_order":0,"comment_status":"closed","ping_status":"closed","template":"","meta":{"footnotes":""},"jetpack_sharing_enabled":true,"featured_media_urls":[],"_links":{"self":[{"href":"https:\/\/redenjambre.com\/index.php\/wp-json\/wp\/v2\/pages\/1031"}],"collection":[{"href":"https:\/\/redenjambre.com\/index.php\/wp-json\/wp\/v2\/pages"}],"about":[{"href":"https:\/\/redenjambre.com\/index.php\/wp-json\/wp\/v2\/types\/page"}],"author":[{"embeddable":true,"href":"https:\/\/redenjambre.com\/index.php\/wp-json\/wp\/v2\/users\/1"}],"replies":[{"embeddable":true,"href":"https:\/\/redenjambre.com\/index.php\/wp-json\/wp\/v2\/comments?post=1031"}],"version-history":[{"count":58,"href":"https:\/\/redenjambre.com\/index.php\/wp-json\/wp\/v2\/pages\/1031\/revisions"}],"predecessor-version":[{"id":1275,"href":"https:\/\/redenjambre.com\/index.php\/wp-json\/wp\/v2\/pages\/1031\/revisions\/1275"}],"wp:attachment":[{"href":"https:\/\/redenjambre.com\/index.php\/wp-json\/wp\/v2\/media?parent=1031"}],"curies":[{"name":"wp","href":"https:\/\/api.w.org\/{rel}","templated":true}]}}